{"id":835,"date":"2015-11-16T12:18:43","date_gmt":"2015-11-16T10:18:43","guid":{"rendered":"http:\/\/ekosuunnittelu.info\/?page_id=835"},"modified":"2016-11-09T16:24:55","modified_gmt":"2016-11-09T14:24:55","slug":"produktkrav","status":"publish","type":"page","link":"https:\/\/ekosuunnittelu.info\/sv\/produktkrav\/","title":{"rendered":"Produktkrav"},"content":{"rendered":"<p>P\u00e5 webbplatsen ekosuunnittelu.info finns information om kraven p\u00e5 ekologisk planering och energim\u00e4rkning f\u00f6r 65 produktgrupper. V\u00e4lj en produkt i menyn nedan eller prova att g\u00f6ra en fri texts\u00f6kning!<\/p>\n","protected":false},"excerpt":{"rendered":"<p>P\u00e5 webbplatsen ekosuunnittelu.info finns information om kraven p\u00e5 ekologisk planering och energim\u00e4rkning f\u00f6r 65 produktgrupper. V\u00e4lj en produkt i menyn&#8230; <br \/><a class=\"moretag\" href=\"https:\/\/ekosuunnittelu.info\/sv\/produktkrav\/\">Lue lis\u00e4\u00e4<\/a><\/p>\n","protected":false},"author":1,"featured_media":0,"parent":0,"menu_order":0,"comment_status":"open","ping_status":"open","template":"page-tuotevaatimukset.php","meta":{"_acf_changed":false,"footnotes":""},"class_list":["post-835","page","type-page","status-publish","hentry"],"acf":[],"_links":{"self":[{"href":"https:\/\/ekosuunnittelu.info\/sv\/wp-json\/wp\/v2\/pages\/835","targetHints":{"allow":["GET"]}}],"collection":[{"href":"https:\/\/ekosuunnittelu.info\/sv\/wp-json\/wp\/v2\/pages"}],"about":[{"href":"https:\/\/ekosuunnittelu.info\/sv\/wp-json\/wp\/v2\/types\/page"}],"author":[{"embeddable":true,"href":"https:\/\/ekosuunnittelu.info\/sv\/wp-json\/wp\/v2\/users\/1"}],"replies":[{"embeddable":true,"href":"https:\/\/ekosuunnittelu.info\/sv\/wp-json\/wp\/v2\/comments?post=835"}],"version-history":[{"count":4,"href":"https:\/\/ekosuunnittelu.info\/sv\/wp-json\/wp\/v2\/pages\/835\/revisions"}],"predecessor-version":[{"id":1978,"href":"https:\/\/ekosuunnittelu.info\/sv\/wp-json\/wp\/v2\/pages\/835\/revisions\/1978"}],"wp:attachment":[{"href":"https:\/\/ekosuunnittelu.info\/sv\/wp-json\/wp\/v2\/media?parent=835"}],"curies":[{"name":"wp","href":"https:\/\/api.w.org\/{rel}","templated":true}]}}