{"id":830,"date":"2015-11-16T12:12:48","date_gmt":"2015-11-16T10:12:48","guid":{"rendered":"http:\/\/ekosuunnittelu.info\/?page_id=830"},"modified":"2025-03-14T08:23:52","modified_gmt":"2025-03-14T06:23:52","slug":"etusivu","status":"publish","type":"page","link":"https:\/\/ekosuunnittelu.info\/sv\/","title":{"rendered":"Hem"},"content":{"rendered":"<p>Ekosuunnittelu.info fungerar som officiell informationskanal f\u00f6r f\u00f6rfattningar g\u00e4llande kraven p\u00e5 ekologisk planering och energim\u00e4rkning och \u00e4r till hj\u00e4lp f\u00f6r tillverkare, import\u00f6rer, distribut\u00f6rer och \u00e5terf\u00f6rs\u00e4ljare. P\u00e5 webbplatsen finns information om f\u00f6rordningar som redan utf\u00e4rdats och information om f\u00f6rfattningar som \u00e4r under beredning.<\/p>\n<p>I Finland ut\u00f6var S\u00e4kerhets- och kemikalieverket (<a href=\"https:\/\/tukes.fi\/sv\/produkter-och-tjanster\/elektriska-produkter\/ekodesign\">Tukes<\/a>) tillsyn \u00f6ver att lagarna och f\u00f6rordningarna.<\/p>\n","protected":false},"excerpt":{"rendered":"<p>Ekosuunnittelu.info fungerar som officiell informationskanal f\u00f6r f\u00f6rfattningar g\u00e4llande kraven p\u00e5 ekologisk planering och energim\u00e4rkning och \u00e4r till hj\u00e4lp f\u00f6r tillverkare,&#8230; <br \/><a class=\"moretag\" href=\"https:\/\/ekosuunnittelu.info\/sv\/\">Lue lis\u00e4\u00e4<\/a><\/p>\n","protected":false},"author":1,"featured_media":0,"parent":0,"menu_order":0,"comment_status":"open","ping_status":"open","template":"page-frontapage.php","meta":{"_acf_changed":false,"footnotes":""},"class_list":["post-830","page","type-page","status-publish","hentry"],"acf":[],"_links":{"self":[{"href":"https:\/\/ekosuunnittelu.info\/sv\/wp-json\/wp\/v2\/pages\/830","targetHints":{"allow":["GET"]}}],"collection":[{"href":"https:\/\/ekosuunnittelu.info\/sv\/wp-json\/wp\/v2\/pages"}],"about":[{"href":"https:\/\/ekosuunnittelu.info\/sv\/wp-json\/wp\/v2\/types\/page"}],"author":[{"embeddable":true,"href":"https:\/\/ekosuunnittelu.info\/sv\/wp-json\/wp\/v2\/users\/1"}],"replies":[{"embeddable":true,"href":"https:\/\/ekosuunnittelu.info\/sv\/wp-json\/wp\/v2\/comments?post=830"}],"version-history":[{"count":6,"href":"https:\/\/ekosuunnittelu.info\/sv\/wp-json\/wp\/v2\/pages\/830\/revisions"}],"predecessor-version":[{"id":5794,"href":"https:\/\/ekosuunnittelu.info\/sv\/wp-json\/wp\/v2\/pages\/830\/revisions\/5794"}],"wp:attachment":[{"href":"https:\/\/ekosuunnittelu.info\/sv\/wp-json\/wp\/v2\/media?parent=830"}],"curies":[{"name":"wp","href":"https:\/\/api.w.org\/{rel}","templated":true}]}}