{"id":4519,"date":"2021-09-07T15:04:38","date_gmt":"2021-09-07T12:04:38","guid":{"rendered":"https:\/\/ekosuunnittelu.info\/?page_id=4519"},"modified":"2021-09-07T15:04:38","modified_gmt":"2021-09-07T12:04:38","slug":"poangsystem-for-reparerbarhet","status":"publish","type":"page","link":"https:\/\/ekosuunnittelu.info\/sv\/cirkular-ekonomi-for-produkter\/poangsystem-for-reparerbarhet\/","title":{"rendered":"Po\u00e4ngsystem f\u00f6r reparerbarhet"},"content":{"rendered":"<p>Med hj\u00e4lp av po\u00e4ngsystemet f\u00f6r reparerbarhet kan m\u00f6jligheten att reparera hos produkter i olika produktgrupper j\u00e4mf\u00f6ras lika enkelt som man kan j\u00e4mf\u00f6ra produkternas energieffektivitet med hj\u00e4lp av energim\u00e4rkningar.<\/p>\n<p>Kommissionens forskningsenhet JRC har utvecklat\u00a0<a href=\"https:\/\/ec.europa.eu\/jrc\/en\/publication\/analysis-and-development-scoring-system-repair-and-upgrade-products\">en metod<\/a> f\u00f6r att po\u00e4ngs\u00e4tta produkternas reparerbarhet s\u00e5 att konsumenten kan v\u00e4lja en apparat som \u00e4r l\u00e4ttast att reparera.<\/p>\n<p>I po\u00e4ngsystemet f\u00f6r reparerbarhet granskas varje produktgrupp separat f\u00f6r att b\u00e4ttre beakta de faktorer som mest p\u00e5verkar reparerbarheten i produktgruppen i fr\u00e5ga.<\/p>\n<p>I systemet tar man f\u00f6rst reda p\u00e5 produktens viktigaste delar med h\u00e4nsyn till reparerbarhet och hur viktiga dessa \u00e4r f\u00f6r produktens huvudfunktion, hur ofta de g\u00e5r s\u00f6nder och hur ofta de uppdateras\/f\u00f6rnyas. Sedan granskas produktgruppen och dess delar genom 12 parametrar, varav de viktigaste v\u00e4ljs f\u00f6r varje produktgrupp.<\/p>\n<ul>\n<li>Steg f\u00f6r demontering<\/li>\n<li>Fasts\u00e4ttningar<\/li>\n<li>Verktyg<\/li>\n<li>Tid f\u00f6r demontering<\/li>\n<li>Fels\u00f6kning<\/li>\n<li>Tillg\u00e4nglig information<\/li>\n<li>Reservdelar<\/li>\n<li>Programvara<\/li>\n<li>S\u00e4kerhet, kunskaper och arbetsmilj\u00f6<\/li>\n<li>Data\u00f6verf\u00f6ring och f\u00f6rst\u00f6relse av data<\/li>\n<li>\u00c5terst\u00e4llning av l\u00f6senord och fabriks\u00e5terst\u00e4llning<\/li>\n<li>Garanti<\/li>\n<\/ul>\n<p>Slutresultatet \u00e4r de minimikrav som alla produkter i produktgruppen m\u00e5ste uppfylla och po\u00e4ngantalet f\u00f6r produktens reparerbarhet.<\/p>\n<p>Po\u00e4ngs\u00e4ttningen beskrivs tydligt f\u00f6r varje parameter. Systemets po\u00e4ngs\u00e4ttning \u00e4r transparent eftersom det \u00e4r viktigt att resultaten \u00e4r m\u00e4tbara, verifierbara, reproducerbara, tillf\u00f6rlitliga och noggranna.<\/p>\n<p>En tanke har varit att po\u00e4ngs\u00e4ttningen f\u00f6r reparerbarheten skulle visas sida vid sida med energim\u00e4rkningen f\u00f6r de produkter som omfattas av energim\u00e4rkning (konsumentprodukter), men man har \u00e4nnu inte fattat ett beslut om huruvida po\u00e4ngsystemet tas i bruk eller i vilken form det tas i bruk.<\/p>\n<p>Systemet har tillsvidare testats p\u00e5 tv\u00e4ttmaskiner, dammsugare och b\u00e4rbara datorer.<\/p>\n<p>Mer information:\u00a0<a href=\"https:\/\/ec.europa.eu\/jrc\/en\/publication\/analysis-and-development-scoring-system-repair-and-upgrade-products\">https:\/\/ec.europa.eu\/jrc\/en\/publication\/analysis-and-development-scoring-system-repair-and-upgrade-products<\/a><\/p>\n<p>Sidan uppdaterats: 1.3.2021<\/p>\n","protected":false},"excerpt":{"rendered":"<p>Med hj\u00e4lp av po\u00e4ngsystemet f\u00f6r reparerbarhet kan m\u00f6jligheten att reparera hos produkter i olika produktgrupper j\u00e4mf\u00f6ras lika enkelt som man&#8230; <br \/><a class=\"moretag\" href=\"https:\/\/ekosuunnittelu.info\/sv\/cirkular-ekonomi-for-produkter\/poangsystem-for-reparerbarhet\/\">Lue lis\u00e4\u00e4<\/a><\/p>\n","protected":false},"author":11,"featured_media":0,"parent":4515,"menu_order":1,"comment_status":"closed","ping_status":"closed","template":"","meta":{"_acf_changed":false,"footnotes":""},"class_list":["post-4519","page","type-page","status-publish","hentry"],"acf":[],"_links":{"self":[{"href":"https:\/\/ekosuunnittelu.info\/sv\/wp-json\/wp\/v2\/pages\/4519","targetHints":{"allow":["GET"]}}],"collection":[{"href":"https:\/\/ekosuunnittelu.info\/sv\/wp-json\/wp\/v2\/pages"}],"about":[{"href":"https:\/\/ekosuunnittelu.info\/sv\/wp-json\/wp\/v2\/types\/page"}],"author":[{"embeddable":true,"href":"https:\/\/ekosuunnittelu.info\/sv\/wp-json\/wp\/v2\/users\/11"}],"replies":[{"embeddable":true,"href":"https:\/\/ekosuunnittelu.info\/sv\/wp-json\/wp\/v2\/comments?post=4519"}],"version-history":[{"count":1,"href":"https:\/\/ekosuunnittelu.info\/sv\/wp-json\/wp\/v2\/pages\/4519\/revisions"}],"predecessor-version":[{"id":4520,"href":"https:\/\/ekosuunnittelu.info\/sv\/wp-json\/wp\/v2\/pages\/4519\/revisions\/4520"}],"up":[{"embeddable":true,"href":"https:\/\/ekosuunnittelu.info\/sv\/wp-json\/wp\/v2\/pages\/4515"}],"wp:attachment":[{"href":"https:\/\/ekosuunnittelu.info\/sv\/wp-json\/wp\/v2\/media?parent=4519"}],"curies":[{"name":"wp","href":"https:\/\/api.w.org\/{rel}","templated":true}]}}