{"id":4517,"date":"2021-09-07T15:02:48","date_gmt":"2021-09-07T12:02:48","guid":{"rendered":"https:\/\/ekosuunnittelu.info\/?page_id=4517"},"modified":"2021-09-07T15:02:48","modified_gmt":"2021-09-07T12:02:48","slug":"vilka-krav-pa-cirkular-ekonomi-finns-det-redan-i-ekodesignforordningar","status":"publish","type":"page","link":"https:\/\/ekosuunnittelu.info\/sv\/cirkular-ekonomi-for-produkter\/vilka-krav-pa-cirkular-ekonomi-finns-det-redan-i-ekodesignforordningar\/","title":{"rendered":"Vilka krav p\u00e5 cirkul\u00e4r ekonomi finns det redan i ekodesignf\u00f6rordningar?"},"content":{"rendered":"<p>Ekodesign f\u00f6r produkter har tidigare fokuserat n\u00e4stan uteslutande p\u00e5 produkternas energieffektivitet, men de senaste \u00e5ren har tyngdpunkten f\u00f6r ekodesign ocks\u00e5 skiftat mot cirkul\u00e4r ekonomi.<\/p>\n<p>De f\u00f6rsta f\u00f6rordningarna antogs 2019 och d\u00e4r hade man f\u00f6r f\u00f6rsta g\u00e5ngen beaktat cirkul\u00e4r ekonomi p\u00e5 allvar och kraven avseende produktgrupper riktades ut\u00f6ver energieffektiviteten ocks\u00e5 mot bl.a. m\u00f6jligheten att reparera och \u00e5tervinna produkter.\u00a0Vid utarbetande av ekodesignf\u00f6rordningarna har man f\u00f6r varje produktgrupp tagit fram v\u00e4sentliga kriterier som kan f\u00f6rb\u00e4ttra produktgruppernas milj\u00f6p\u00e5verkan.<\/p>\n<p>De produktgrupper i vars f\u00f6rordningar fr\u00e5gorna om cirkul\u00e4r ekonomi har beaktats i h\u00f6g grad<\/p>\n<ul>\n<li>Svetsutrustning<\/li>\n<li>Kylsk\u00e5p, frysar och vinlagringssk\u00e5p<\/li>\n<li>Tv\u00e4ttmaskiner<\/li>\n<li>Diskmaskiner<\/li>\n<li>Tv-apparater och elektroniska bildsk\u00e4rmar<\/li>\n<li>Kyl och frys i handeln (med f\u00f6rs\u00e4ljningsfunktion)<\/li>\n<li>Ljusk\u00e4llor<\/li>\n<\/ul>\n<h2><strong>Produkternas livsl\u00e4ngd \u00f6kar n\u00e4r reparerbarheten f\u00f6rb\u00e4ttras<\/strong><\/h2>\n<p>I f\u00f6rordningarna har avsikten varit att f\u00f6rl\u00e4nga produkternas livsl\u00e4ngd huvudsakligen genom att st\u00e4lla krav p\u00e5 att apparaterna \u00e4r reparerbara och att det finns reservdelar f\u00f6r dem.<\/p>\n<p>Enligt f\u00f6rordningarna ska reservdelar finnas tillg\u00e4ngliga i minst 7\u201310\u00a0\u00e5r efter att den sista produkten av en viss modell har f\u00f6rts ut p\u00e5 marknaden.\u00a0De tillg\u00e4ngliga reservdelarna \u00e4r i regel s\u00e5dana som oftast g\u00e5r s\u00f6nder i produkten. Tack vare kraven beh\u00f6ver man inte sluta anv\u00e4nda produkten bara f\u00f6r att trasiga delar inte kan bytas.\u00a0Reservdelarna ska levereras inom 15 arbetsdagar fr\u00e5n best\u00e4llningen och det ska vara m\u00f6jligt att byta dem med vanliga verktyg utan att ta is\u00e4r produkten.\u00a0Reservdelskatalogen och best\u00e4llningsmetoden ska vara allm\u00e4nt tillg\u00e4ngliga och fria att anv\u00e4nda.<\/p>\n<h2><strong>Vissa reservdelar och uppgifter endast f\u00f6r professionella reparat\u00f6rer<\/strong><\/h2>\n<p>De tillg\u00e4ngliga reservdelarna och m\u00f6jligheten att f\u00e5 information om reparation och underh\u00e5ll har uppdelats i allm\u00e4nt tillg\u00e4ngliga och endast tillg\u00e4ngliga f\u00f6r professionella reparat\u00f6rer. Alla ska ha tillg\u00e5ng till s\u00e5dana reservdelar som vem som helst kan p\u00e5 ett s\u00e4kert och f\u00f6rh\u00e5llandevis l\u00e4tt s\u00e4tt byta och endast professionella reparat\u00f6rer ska ha tillg\u00e5ng till reservdelar vars byte f\u00f6ruts\u00e4tter yrkeskunskaper. Till exempel f\u00f6r kylsk\u00e5p kan alla f\u00e5 reservdelar s\u00e5som handtag, packningar och hyllor och professionella reparat\u00f6rer har tillg\u00e5ng till bl.a. termostat, temperaturgivare och kretskort.\u00a0Dessutom ska det finnas tillr\u00e4cklig information f\u00f6r att reparera, underh\u00e5lla och demontera apparaterna. Till exempel information om demontering ska vara tillg\u00e4nglig p\u00e5 internet i minst 15 \u00e5r.<\/p>\n<h2><strong>Programvara m\u00e5ste kunna uppdateras<\/strong><\/h2>\n<p>Samtidigt st\u00e4ller man krav p\u00e5 bl.a. att programuppdateringar ska vara tillg\u00e4ngliga f\u00f6r produkter som inneh\u00e5ller programvara 7\u201310\u00a0\u00e5r efter att produkten har f\u00f6rts ut p\u00e5 marknaden s\u00e5 att man inte beh\u00f6ver sluta anv\u00e4nda produkten p\u00e5 grund av att programmet har blivit f\u00f6r\u00e5ldrat.<\/p>\n<h2><strong>Krav avseende m\u00e4rkningar, farliga kemikalier och funktioner<\/strong><\/h2>\n<p>Ut\u00f6ver kraven p\u00e5 reparerbarhet och demonterbarhet st\u00e4ller ekodesignf\u00f6rordningarna krav p\u00e5 bl.a. m\u00e4rkningar, anv\u00e4ndning av farliga kemikalier, funktioner och vattenf\u00f6rbrukning.<\/p>\n<p>Enligt f\u00f6rordningarna ska till exempel bildsk\u00e4rmar ha m\u00e4rkningar om eventuell kadmium och plastkomponenternas polymertyp, kyl- och frysutrustning om k\u00f6ldmedium och eventuell vakuumisoleringspanel, svetsutrustning om f\u00f6rbrukning av svetstr\u00e5d och med lampor ska f\u00f6rpackningarna inneh\u00e5lla uppgifter om bland annat kvicksilver, anv\u00e4ndningsf\u00f6rh\u00e5llanden och livsl\u00e4ngd.<\/p>\n<p>Farliga \u00e4mnen och kemikalier regleras huvudsakligen genom annan lagstiftning, men till exempel i ekodesignf\u00f6rordningen f\u00f6r elektroniska bildsk\u00e4rmar f\u00f6rbjuds anv\u00e4ndningen av halogenerade flamskyddsmedel i bildsk\u00e4rmarnas h\u00f6lje och stativ.<\/p>\n<p>Kraven p\u00e5 funktion och anv\u00e4ndning anknyter till exempel till att st\u00e4lla en niv\u00e5 som produkten m\u00e5ste uppn\u00e5 (t.ex. tv\u00e4ttresultat eller tv\u00e4ttid) eller det att konsumenten f\u00e5r tillr\u00e4cklig information om anv\u00e4ndning, installation och underh\u00e5ll av produkten och andra egenskaper hos produkten.<\/p>\n<h2><strong>Mer information om produktgruppspecifika krav p\u00e5 cirkul\u00e4r ekonomi och energieffektivitet<\/strong><\/h2>\n<p>Mer information om kraven hittar du p\u00e5 produktspecifika sidor under menyn \u201dproduktkrav\u201d.<\/p>\n","protected":false},"excerpt":{"rendered":"<p>Ekodesign f\u00f6r produkter har tidigare fokuserat n\u00e4stan uteslutande p\u00e5 produkternas energieffektivitet, men de senaste \u00e5ren har tyngdpunkten f\u00f6r ekodesign ocks\u00e5&#8230; <br \/><a class=\"moretag\" href=\"https:\/\/ekosuunnittelu.info\/sv\/cirkular-ekonomi-for-produkter\/vilka-krav-pa-cirkular-ekonomi-finns-det-redan-i-ekodesignforordningar\/\">Lue lis\u00e4\u00e4<\/a><\/p>\n","protected":false},"author":11,"featured_media":0,"parent":4515,"menu_order":0,"comment_status":"closed","ping_status":"closed","template":"","meta":{"_acf_changed":false,"footnotes":""},"class_list":["post-4517","page","type-page","status-publish","hentry"],"acf":[],"_links":{"self":[{"href":"https:\/\/ekosuunnittelu.info\/sv\/wp-json\/wp\/v2\/pages\/4517","targetHints":{"allow":["GET"]}}],"collection":[{"href":"https:\/\/ekosuunnittelu.info\/sv\/wp-json\/wp\/v2\/pages"}],"about":[{"href":"https:\/\/ekosuunnittelu.info\/sv\/wp-json\/wp\/v2\/types\/page"}],"author":[{"embeddable":true,"href":"https:\/\/ekosuunnittelu.info\/sv\/wp-json\/wp\/v2\/users\/11"}],"replies":[{"embeddable":true,"href":"https:\/\/ekosuunnittelu.info\/sv\/wp-json\/wp\/v2\/comments?post=4517"}],"version-history":[{"count":1,"href":"https:\/\/ekosuunnittelu.info\/sv\/wp-json\/wp\/v2\/pages\/4517\/revisions"}],"predecessor-version":[{"id":4518,"href":"https:\/\/ekosuunnittelu.info\/sv\/wp-json\/wp\/v2\/pages\/4517\/revisions\/4518"}],"up":[{"embeddable":true,"href":"https:\/\/ekosuunnittelu.info\/sv\/wp-json\/wp\/v2\/pages\/4515"}],"wp:attachment":[{"href":"https:\/\/ekosuunnittelu.info\/sv\/wp-json\/wp\/v2\/media?parent=4517"}],"curies":[{"name":"wp","href":"https:\/\/api.w.org\/{rel}","templated":true}]}}