{"id":4515,"date":"2021-09-07T14:54:34","date_gmt":"2021-09-07T11:54:34","guid":{"rendered":"https:\/\/ekosuunnittelu.info\/?page_id=4515"},"modified":"2021-09-07T14:54:34","modified_gmt":"2021-09-07T11:54:34","slug":"cirkular-ekonomi-for-produkter","status":"publish","type":"page","link":"https:\/\/ekosuunnittelu.info\/sv\/cirkular-ekonomi-for-produkter\/","title":{"rendered":"Cirkul\u00e4r ekonomi f\u00f6r produkter"},"content":{"rendered":"<p>Syftet med ekodesign \u00e4r att skapa produkter s\u00e5 att de f\u00f6rbrukar s\u00e5 lite energi och naturresurser som m\u00f6jligt, \u00e4r s\u00e5 l\u00e4tta att reparera och \u00e5tervinna som m\u00f6jligt och har s\u00e5 l\u00e5ng livsl\u00e4ngd som m\u00f6jligt.<\/p>\n<h2>Cirkul\u00e4r ekonomi i produktgruppspecifika ekodesignf\u00f6rordningar<\/h2>\n<p>Ekodesign f\u00f6r produkter har tidigare fokuserat n\u00e4stan uteslutande p\u00e5 produkternas energieffektivitet, men de senaste \u00e5ren har tyngdpunkten f\u00f6r ekodesign ocks\u00e5 skiftat mot cirkul\u00e4r ekonomi.\u00a0De f\u00f6rsta f\u00f6rordningarna antogs 2019 och d\u00e4r hade man f\u00f6r f\u00f6rsta g\u00e5ngen beaktat cirkul\u00e4r ekonomi p\u00e5 allvar och kraven avseende produktgrupper riktades ut\u00f6ver energieffektiviteten ocks\u00e5 mot bl.a. m\u00f6jligheten att reparera och \u00e5tervinna produkter.<\/p>\n<p>Till exempel i fr\u00e5ga om konsumentprodukter fr\u00e4mjas reparerbarheten genom att bl.a. s\u00e4kerst\u00e4lla reservdelarnas tillg\u00e4nglighet (reservdelarna ska vara tillg\u00e4ngliga i flera \u00e5r efter att den sista produkten av en viss modell har f\u00f6rts ut p\u00e5 marknaden), genom att s\u00e4kerst\u00e4lla att det finns tillr\u00e4cklig information om reparation och att delar ska kunna bytas med vanliga verktyg utan att beh\u00f6va ta is\u00e4r produkten. Samtidigt st\u00e4ller man krav p\u00e5 bl.a. att programuppdateringar ska vara tillg\u00e4ngliga f\u00f6r produkter som inneh\u00e5ller programvara 7\u201310\u00a0\u00e5r efter att produkten har f\u00f6rts ut p\u00e5 marknaden s\u00e5 att man inte beh\u00f6ver sluta anv\u00e4nda produkten p\u00e5 grund av att programmet har blivit f\u00f6rlegat.<\/p>\n<p>L\u00e4s mer\u00a0<a href=\"https:\/\/ekosuunnittelu.info\/tuotteiden-kiertotaloudesta\/millaisia-kiertotalouteen-liittyvia-vaatimuksia-ekosuunnitteluasetuksissa-on-jo-annettu\/\">h\u00e4r<\/a>\u00a0om vilka krav p\u00e5 cirkul\u00e4r ekonomi som redan st\u00e4lls i ekodesignf\u00f6rordningar.<\/p>\n<p>F\u00f6r konsumenterna inneb\u00e4r detta att alla produkter som kommer in p\u00e5 marknaden efter mars uppfyller minimikraven enligt f\u00f6rordningarna i fr\u00e5ga om energif\u00f6rbrukning och bl.a. reparerbarhet.<\/p>\n<h2>Fr\u00e4mjande av cirkul\u00e4r ekonomi i produktdesign<\/h2>\n<p>Under 2021 publiceras tre nya och mer omfattande initiativ om ekodesign och energim\u00e4rkning som f\u00f6rnyar produktlagstiftningen i syfte att f\u00f6rb\u00e4ttra produkternas energieffektivitet och milj\u00f6p\u00e5verkan. \u00c4ven om initiativen \u00e4r frist\u00e5ende handlar de till stora delar om samma fr\u00e5gor och vissa fr\u00e5gor behandlas i varje initiativ. En del av fr\u00e5gorna i initiativen anknyter till inneh\u00e5llet i energieffektivitetsdirektivet, men delvis \u00e4ven till bland annat konsumentlagstiftningen och ROHS- och WEEE-direktiven. Initiativen grundar sig p\u00e5 EU:s handlingsplan f\u00f6r cirkul\u00e4r ekonomi som publicerades i mars 2020 d\u00e4r bland annat ekodesigndirektivet anses vara ett viktigt verktyg f\u00f6r att minska anv\u00e4ndningen av resurser och \u00f6ka m\u00f6jligheter f\u00f6r cirkul\u00e4r ekonomi. Syftet med initiativen \u00e4r ocks\u00e5 att framh\u00e4va cirkul\u00e4r ekonomi s\u00e5 att den i h\u00f6gre grad beaktas sida vid sida med energieffektiviteten i ekodesignen.<\/p>\n<p>Den viktigaste f\u00f6rnyelsen i ekodesign och energim\u00e4rkning kommer att vara\u00a0<a href=\"https:\/\/ec.europa.eu\/info\/law\/better-regulation\/have-your-say\/initiatives\/12567-Initiativ-for-hallbara-produkter_sv\">initiativet f\u00f6r h\u00e5llbara produkter<\/a>\u00a0(SPI), i samband med detta ses bl.a. ekodesigndirektivet \u00f6ver. K\u00e4rnan i lagstiftningsf\u00f6rslaget kommer att vara att utvidga kraven avseende ekodesign till att omfatta mer \u00e4n energirelaterade produkter. Prelimin\u00e4rt kommer regelverket att omfatta bland annat textilier, m\u00f6bler och mellanprodukter med stor p\u00e5verkan, s\u00e5som st\u00e5l och cement. Syftet med f\u00f6rnyelsen \u00e4r att konsumenterna i forts\u00e4ttningen f\u00e5r b\u00e4ttre produkter som f\u00f6rbrukar mindre energi, \u00e4r l\u00e4ttare att reparera och \u00e5teranv\u00e4nda och \u00e4r mer h\u00e5llbara. Kommissionen beg\u00e4rde feedback om den inledande konsekvensbed\u00f6mningen i slutet av f\u00f6rra \u00e5ret och fick totalt 193 kommentarer.\u00a0Samr\u00e5d kommer att ordnas f\u00f6r initiativet f\u00f6r h\u00e5llbara produkter i b\u00f6rjan av \u00e5ret och sj\u00e4lva lagstiftningsf\u00f6rslaget kommer i slutet av 2021 (Q4).<\/p>\n<p>Konsumenternas roll f\u00f6rst\u00e4rks genom initiativet:\u00a0<a href=\"https:\/\/ec.europa.eu\/info\/law\/better-regulation\/have-your-say\/initiatives\/12467-Konsumentpolitik-mer-konsumentmakt-i-den-grona-omstallningen_sv\">Konsumentpolitik \u2013 mer konsumentmakt i den gr\u00f6na omst\u00e4llningen.<\/a>\u00a0Syftet med initiativet \u00e4r att fr\u00e4mja konsumenternas r\u00e4ttigheter bland annat genom att skydda dem fr\u00e5n gr\u00f6nm\u00e5lning och produkter som \u00e5ldras i f\u00f6rtid och genom att fastst\u00e4lla minimikrav p\u00e5 h\u00e5llbarhetsm\u00e4rkningar. R\u00e4tten att ha konsumentprodukter reparerade f\u00f6rst\u00e4rks bland annat genom krav p\u00e5 information, f\u00f6rb\u00e4ttring av tillg\u00e4ngligheten av reservdelar och granskning av garantifr\u00e5gor. F\u00f6rslaget kommer att publiceras i slutet av v\u00e5ren.<\/p>\n<p>Syftet med <a href=\"https:\/\/www.europarl.europa.eu\/legislative-train\/theme-a-european-green-deal\/file-circular-electronics\">initiativet f\u00f6r cirkul\u00e4r elektronik<\/a> \u00e4r att f\u00f6rb\u00e4ttra milj\u00f6p\u00e5verkan av elektronik och IKT-produkter. Initiativet kommer i slutet av 2021. Initiativet inneh\u00e5ller bl.a. den redan p\u00e5g\u00e5ende f\u00f6rberedningen av ekodesignf\u00f6rordningar f\u00f6r smarttelefoner, surfplattor och b\u00e4rbara datorer, standardisering av laddningskablar f\u00f6r smarttelefoner och andra sm\u00e5apparater och har som syfte att fr\u00e4mja reparerbarhet och \u00e5tervinningsbarhet av elektronik, farliga \u00e4mnen och elektroniskt avfall.<\/p>\n<h2>Horisontella unders\u00f6kningar avseende alla produktgrupper<\/h2>\n<p>Flera olika unders\u00f6kningar har gjorts i syfte att f\u00f6rb\u00e4ttra den cirkul\u00e4ra ekonomin hos produkter och utg\u00e5ende fr\u00e5n dessa har man bed\u00f6mt bl.a. vilka nya krav p\u00e5 cirkul\u00e4r ekonomi man b\u00f6r st\u00e4lla f\u00f6r att f\u00f6rb\u00e4ttra produkters resurseffektivitet. Kraven kan g\u00e4lla till exempel produktens h\u00e5llbarhet, l\u00e4tthet, anv\u00e4ndning av \u00e5tervunna material, farliga \u00e4mnen, kemikalier eller att f\u00f6rebygga att produkten \u00e5ldras i f\u00f6rtid.<\/p>\n<ul>\n<li><a href=\"https:\/\/www.sciencedirect.com\/science\/article\/pii\/S2212827117308569\">Reparerbarhet och uppgraderbarhet<\/a><\/li>\n<li><a href=\"https:\/\/www.sciencedirect.com\/science\/article\/pii\/S2212827117308582\">H\u00e5llbarhet<\/a><\/li>\n<li><a href=\"https:\/\/ekosuunnittelu.info\/tuotteiden-kiertotaloudesta\/korjattavuuden-pisteytysjarjestelma\/\">Po\u00e4ngsystem f\u00f6r reparerbarhet<\/a><\/li>\n<\/ul>\n<h2>Produktgruppspecifika unders\u00f6kningar av materialeffektivitet<\/h2>\n<p>Det finns olika unders\u00f6kningar av materialeffektivitet f\u00f6r flera produktgrupper med syfte att unders\u00f6ka produktgruppens nuvarande status och f\u00f6rb\u00e4ttringsm\u00f6jligheter.<\/p>\n<ul>\n<li><a href=\"https:\/\/susproc.jrc.ec.europa.eu\/product-bureau\/sites\/default\/files\/2020-10\/jrc116106_jrc_e4c_task2_smartphones_final_publ_id.pdf\">Materialeffektivitet hos smarttelefoner<\/a><\/li>\n<li><a href=\"https:\/\/susproc.jrc.ec.europa.eu\/product-bureau\/sites\/default\/files\/2020-10\/jrc116105_e4c_task_4_reparability_tv_final_v2.2_id.pdf\">Reparerbarhet och uppdaterbarhet av TV-apparater<\/a><\/li>\n<li><a href=\"http:\/\/publications.jrc.ec.europa.eu\/repository\/handle\/JRC114329\">H\u00e5llbarhet hos tv\u00e4ttmaskiner<\/a><\/li>\n<\/ul>\n<p>Dessutom g\u00f6r man vid beredning av ekodesignf\u00f6rordningen f\u00f6r produktgruppen alltid en omfattande f\u00f6runders\u00f6kning d\u00e4r man utreder m\u00f6jligheter att f\u00f6rb\u00e4ttra produktens milj\u00f6p\u00e5verkan.<\/p>\n","protected":false},"excerpt":{"rendered":"<p>Syftet med ekodesign \u00e4r att skapa produkter s\u00e5 att de f\u00f6rbrukar s\u00e5 lite energi och naturresurser som m\u00f6jligt, \u00e4r s\u00e5&#8230; <br \/><a class=\"moretag\" href=\"https:\/\/ekosuunnittelu.info\/sv\/cirkular-ekonomi-for-produkter\/\">Lue lis\u00e4\u00e4<\/a><\/p>\n","protected":false},"author":11,"featured_media":0,"parent":0,"menu_order":0,"comment_status":"closed","ping_status":"closed","template":"","meta":{"_acf_changed":false,"footnotes":""},"class_list":["post-4515","page","type-page","status-publish","hentry"],"acf":[],"_links":{"self":[{"href":"https:\/\/ekosuunnittelu.info\/sv\/wp-json\/wp\/v2\/pages\/4515","targetHints":{"allow":["GET"]}}],"collection":[{"href":"https:\/\/ekosuunnittelu.info\/sv\/wp-json\/wp\/v2\/pages"}],"about":[{"href":"https:\/\/ekosuunnittelu.info\/sv\/wp-json\/wp\/v2\/types\/page"}],"author":[{"embeddable":true,"href":"https:\/\/ekosuunnittelu.info\/sv\/wp-json\/wp\/v2\/users\/11"}],"replies":[{"embeddable":true,"href":"https:\/\/ekosuunnittelu.info\/sv\/wp-json\/wp\/v2\/comments?post=4515"}],"version-history":[{"count":1,"href":"https:\/\/ekosuunnittelu.info\/sv\/wp-json\/wp\/v2\/pages\/4515\/revisions"}],"predecessor-version":[{"id":4516,"href":"https:\/\/ekosuunnittelu.info\/sv\/wp-json\/wp\/v2\/pages\/4515\/revisions\/4516"}],"wp:attachment":[{"href":"https:\/\/ekosuunnittelu.info\/sv\/wp-json\/wp\/v2\/media?parent=4515"}],"curies":[{"name":"wp","href":"https:\/\/api.w.org\/{rel}","templated":true}]}}