{"id":3651,"date":"2019-12-20T13:56:46","date_gmt":"2019-12-20T11:56:46","guid":{"rendered":"https:\/\/ekosuunnittelu.info\/?page_id=3651"},"modified":"2019-12-20T14:05:40","modified_gmt":"2019-12-20T12:05:40","slug":"vanliga-fragor","status":"publish","type":"page","link":"https:\/\/ekosuunnittelu.info\/sv\/databas-for-energimarkta-produkter\/vanliga-fragor\/","title":{"rendered":"Vanliga fr\u00e5gor"},"content":{"rendered":"<ol>\n<li>Vad \u00e4r produktdatabasen?<\/li>\n<li>Vilka produkter g\u00e4ller best\u00e4mmelserna?<\/li>\n<li>Vad avses med produktdatabasens offentliga del och efterlevnadsdel?<\/li>\n<li>Vem ska f\u00f6ra in informationen i produktdatabasen?<\/li>\n<li>Vilken information ska f\u00f6ras in i produktdatabasen?<\/li>\n<li>Hur kan informationen f\u00f6ras in i produktdatabasen?<\/li>\n<li>G\u00e4ller produktdatabasen ocks\u00e5 byggprodukter enligt ekodesignf\u00f6rordningarna? Hur \u00e4r det med produkter som omfattas av byggproduktf\u00f6rordningen och av harmoniserade standarder?<\/li>\n<li>Hur s\u00e4kert \u00e4r det att f\u00f6ra in information i produktdatabasen?<\/li>\n<li>Vilka f\u00f6rdelar medf\u00f6r produktdatabasen?<\/li>\n<li>Hur l\u00e4nge ska informationen lagras i produktdatabasen?<\/li>\n<\/ol>\n<hr \/>\n<ol>\n<li><strong>Vad \u00e4r produktdatabasen?<\/strong><\/li>\n<\/ol>\n<p>Databasen f\u00f6r energim\u00e4rkta produkter \u00e4r en databas som uppr\u00e4tth\u00e5lls av kommissionen och d\u00e4r tillverkare och import\u00f6rer fr\u00e5n och med 1 januari 2019 ska mata in information om energim\u00e4rkningen av sina produkter. Kravet g\u00e4ller produkter som \u00e4r energim\u00e4rkta och s\u00e5dana modeller som har sl\u00e4ppts ut p\u00e5 EU-marknaden efter den 1 augusti 2017.<\/p>\n<ol start=\"2\">\n<li><strong>Vilka produkter g\u00e4ller best\u00e4mmelserna?<\/strong><\/li>\n<\/ol>\n<p>Best\u00e4mmelserna g\u00e4ller produkter som omfattas av Europeiska kommissionens krav p\u00e5 energim\u00e4rkning, det vill s\u00e4ga produkter som \u00e4r energim\u00e4rkta. I produktdatabasen ska man f\u00f6ra in information om s\u00e5dana produkter som har sl\u00e4ppts ut p\u00e5 EU-marknaden efter den 1 augusti 2017. Det \u00e4r frivilligt att f\u00f6ra in information i produktdatabasen om produkter som har sl\u00e4ppts ut p\u00e5 marknaden f\u00f6re detta datum.<\/p>\n<ol start=\"3\">\n<li><strong>Vad avses med produktdatabasens offentliga del och efterlevnadsdel?<\/strong><\/li>\n<\/ol>\n<p>Produktdatabasen best\u00e5r av tv\u00e5 delar. Den ena \u00e4r en offentlig del som \u00e4r \u00f6ppen f\u00f6r allm\u00e4nheten och som inneh\u00e5ller f\u00f6ljande information om varje modell: modellbeteckning, energieffektivitetsklass, energietikett, produktinformationsblad och uppgifter om leverant\u00f6ren.<\/p>\n<p>Den andra \u00e4r en efterlevnadsdel som enbart marknadskontrollmyndigheterna och kommissionen har tillg\u00e5ng till. Dessutom har leverant\u00f6ren tillg\u00e5ng till egen information i efterlevnadsdelen. I efterlevnadsdelen finns mer detaljerad information om bland annat produkternas uppm\u00e4tta tekniska parametrar och ber\u00e4kningar som utf\u00f6rts med de uppm\u00e4tta parametrarna.<\/p>\n<ol start=\"4\">\n<li><strong>Vem ska f\u00f6ra in informationen i produktdatabasen?<\/strong><\/li>\n<\/ol>\n<p>Skyldigheten g\u00e4ller produkttillverkare och import\u00f6rer samt beh\u00f6riga representanter f\u00f6r tillverkarna.<\/p>\n<ol start=\"5\">\n<li><strong>Vilken information ska f\u00f6ras in i produktdatabasen?<\/strong><\/li>\n<\/ol>\n<p><strong><em>Offentlig del<\/em><\/strong><\/p>\n<p>I den offentliga delen ska f\u00f6ras in leverant\u00f6rens namn och kontaktuppgifter, modellbeteckning, etiketten i elektroniskt format, energieffektivitetsklass och andra parametrar p\u00e5 etiketten samt produktinformationsbladets parametrar i elektroniskt format.<\/p>\n<p><strong><em>Efterlevnadsdel<\/em><\/strong><\/p>\n<p>I efterlevnadsdelen (s.k.\u00a0<em>compliance part<\/em>) ska tillverkaren eller import\u00f6ren f\u00f6ra in modellbeteckningar f\u00f6r likv\u00e4rdiga (s.k. ekvivalenta) modeller som redan sl\u00e4ppts ut p\u00e5 marknaden samt den tekniska dokumentation som anges i artikel 12.5 i ramf\u00f6rordningen f\u00f6r energim\u00e4rkning (EU) 2017\/1369. Den tekniska dokumentationen omfattar:<\/p>\n<ol>\n<li>en allm\u00e4n beskrivning av modellen, tillr\u00e4cklig f\u00f6r att den ska kunna identifieras p\u00e5 ett enkelt och entydigt s\u00e4tt,<\/li>\n<li>h\u00e4nvisningar till de harmoniserade standarder som till\u00e4mpats eller andra m\u00e4tstandarder som anv\u00e4nts,<\/li>\n<li>s\u00e4rskilda f\u00f6rsiktighets\u00e5tg\u00e4rder som ska vidtas i samband med att modellen monteras, installeras, underh\u00e5lls eller provas,<\/li>\n<li>modellens uppm\u00e4tta tekniska parametrar,<\/li>\n<li>de ber\u00e4kningar som utf\u00f6rts med de uppm\u00e4tta parametrarna,<\/li>\n<li>provningsf\u00f6rh\u00e5llanden, om dessa inte beskrivits tillr\u00e4ckligt i dokumentationen som avses i punkt 2.<\/li>\n<\/ol>\n<p>D\u00e4rut\u00f6ver f\u00e5r leverant\u00f6rerna p\u00e5 frivillig basis \u00f6verf\u00f6ra ytterligare delar av den tekniska dokumentationen till databasen.<\/p>\n<ol start=\"6\">\n<li><strong>Hur kan informationen f\u00f6ras in i produktdatabasen?<\/strong><\/li>\n<\/ol>\n<p>Informationen kan f\u00f6ras in i produktdatabasen p\u00e5 tre olika s\u00e4tt:<\/p>\n<ul>\n<li>leverant\u00f6ren kan skapa\/\u00e4ndra informationen om modellen p\u00e5 webbplatsen (interactive mode)<\/li>\n<li>leverant\u00f6ren kan \u00f6verf\u00f6ra information om modellen till databasen genom att anv\u00e4nda eDelivery endpoint. Zip-filerna kan inneh\u00e5lla metadata i XML-format samt modelletiketter, teknisk dokumentation och andra filer i PDF-, text- och PNG-format m.m. (System-to-system, S2S)<\/li>\n<li>leverant\u00f6ren kan ladda upp information om modellen som zip-filer via webbplatsen. Detta motsvarar i praktiken S2S, men zip-filerna laddas upp manuellt.<\/li>\n<\/ul>\n<ol start=\"7\">\n<li><strong>G\u00e4ller produktdatabasen ocks\u00e5 byggprodukter enligt ekodesignf\u00f6rordningarna? Hur \u00e4r det med produkter som omfattas av byggproduktf\u00f6rordningen och av harmoniserade standarder?<\/strong><\/li>\n<\/ol>\n<p>F\u00f6r n\u00e4rvarande g\u00e4ller produktdatabasen bara de produkter f\u00f6r vilka det har utf\u00e4rdats en energim\u00e4rkningsf\u00f6rordning. S\u00e5ledes g\u00e4ller inte skyldigheten att f\u00f6ra in produkterna i produktdatabasen de produkter som bara omfattas av en ekodesignf\u00f6rordning men inte av en energim\u00e4rkningsf\u00f6rordning. Produkter som omfattas av byggproduktf\u00f6rordningen eller harmoniserade standarder omfattas ocks\u00e5 av skyldigheten att f\u00f6ra in produkterna i produktdatabasen, ifall det finns en energim\u00e4rkningsf\u00f6rordning som g\u00e4ller dem. En annan f\u00f6rordning eller r\u00e4ttsakt befriar allts\u00e5 inte produkten fr\u00e5n denna skyldighet, men \u00e5 andra sidan existerar inte heller skyldigheten om det inte finns en energim\u00e4rkningsf\u00f6rordning f\u00f6r dessa produkter.<\/p>\n<ol start=\"8\">\n<li><strong>Hur s\u00e4kert \u00e4r det att f\u00f6ra in information i produktdatabasen?\u00a0<\/strong><\/li>\n<\/ol>\n<p>Ramf\u00f6rordningen f\u00f6r energim\u00e4rkning f\u00f6ruts\u00e4tter att produktdatabasen skyddas mot oavsiktlig anv\u00e4ndning och att konfidentiell information i efterlevnadsdelen skyddas genom strikta s\u00e4kerhetsarrangemang.<\/p>\n<ol start=\"9\">\n<li><strong>Vilka f\u00f6rdelar medf\u00f6r produktdatabasen?<\/strong><\/li>\n<\/ol>\n<p>Syftet med produktdatabasen \u00e4r att st\u00f6dja marknadskontrollmyndigheternas uppgifter som g\u00e5r ut p\u00e5 att utf\u00f6ra tillsyn enligt ramf\u00f6rordningen f\u00f6r energim\u00e4rkning och produktgruppspecifika r\u00e4ttsakter om energim\u00e4rkning. Dessutom \u00e4r syftet med produktdatabasen att informera allm\u00e4nheten om produkter som sl\u00e4ppts ut p\u00e5 marknaden och om deras energietiketter och produktinformationsblad samt att f\u00f6rse kommissionen med aktuell information om produkternas energieffektivitet vid revidering av energietiketter.<\/p>\n<p>Kommissionen har uppskattat att 10\u201325\u00a0procent av produkterna p\u00e5 marknaden inte helt och h\u00e5llet uppfyller kraven p\u00e5 energim\u00e4rkning och att upp till 10\u00a0procent av eventuella energibesparingar d\u00e4rf\u00f6r inte uppn\u00e5s. Det centrala m\u00e5let med EPREL-databasen \u00e4r att underl\u00e4tta och effektivisera marknadskontrollen till denna del. Tillverkarna och import\u00f6rerna ska numera registrera sina produkter och central information om dem i produktdatabasen, s\u00e5 att marknadskontrollmyndigheterna l\u00e4tt f\u00e5r tillg\u00e5ng till v\u00e4sentlig information i framtiden.<\/p>\n<ol start=\"10\">\n<li><strong>Hur l\u00e4nge ska informationen lagras i produktdatabasen?<\/strong><\/li>\n<\/ol>\n<p>Informationen ska lagras i efterlevnadsdelen i produktdatabasen i 15\u00a0\u00e5r efter att produkten har utg\u00e5tt fr\u00e5n marknaden, det vill s\u00e4ga efter att produkten inte l\u00e4ngre saluf\u00f6rs p\u00e5 marknaden.<\/p>\n<p>Informationen f\u00e5r inte avl\u00e4gsnas fr\u00e5n produktdatabasens offentliga del.<\/p>\n","protected":false},"excerpt":{"rendered":"<p>Vad \u00e4r produktdatabasen? Vilka produkter g\u00e4ller best\u00e4mmelserna? Vad avses med produktdatabasens offentliga del och efterlevnadsdel? Vem ska f\u00f6ra in informationen&#8230; <br \/><a class=\"moretag\" href=\"https:\/\/ekosuunnittelu.info\/sv\/databas-for-energimarkta-produkter\/vanliga-fragor\/\">Lue lis\u00e4\u00e4<\/a><\/p>\n","protected":false},"author":10,"featured_media":0,"parent":3647,"menu_order":0,"comment_status":"closed","ping_status":"closed","template":"","meta":{"_acf_changed":false,"footnotes":""},"class_list":["post-3651","page","type-page","status-publish","hentry"],"acf":[],"_links":{"self":[{"href":"https:\/\/ekosuunnittelu.info\/sv\/wp-json\/wp\/v2\/pages\/3651","targetHints":{"allow":["GET"]}}],"collection":[{"href":"https:\/\/ekosuunnittelu.info\/sv\/wp-json\/wp\/v2\/pages"}],"about":[{"href":"https:\/\/ekosuunnittelu.info\/sv\/wp-json\/wp\/v2\/types\/page"}],"author":[{"embeddable":true,"href":"https:\/\/ekosuunnittelu.info\/sv\/wp-json\/wp\/v2\/users\/10"}],"replies":[{"embeddable":true,"href":"https:\/\/ekosuunnittelu.info\/sv\/wp-json\/wp\/v2\/comments?post=3651"}],"version-history":[{"count":1,"href":"https:\/\/ekosuunnittelu.info\/sv\/wp-json\/wp\/v2\/pages\/3651\/revisions"}],"predecessor-version":[{"id":3652,"href":"https:\/\/ekosuunnittelu.info\/sv\/wp-json\/wp\/v2\/pages\/3651\/revisions\/3652"}],"up":[{"embeddable":true,"href":"https:\/\/ekosuunnittelu.info\/sv\/wp-json\/wp\/v2\/pages\/3647"}],"wp:attachment":[{"href":"https:\/\/ekosuunnittelu.info\/sv\/wp-json\/wp\/v2\/media?parent=3651"}],"curies":[{"name":"wp","href":"https:\/\/api.w.org\/{rel}","templated":true}]}}