{"id":3647,"date":"2019-12-20T13:44:55","date_gmt":"2019-12-20T11:44:55","guid":{"rendered":"https:\/\/ekosuunnittelu.info\/?page_id=3647"},"modified":"2025-03-14T08:30:59","modified_gmt":"2025-03-14T06:30:59","slug":"databas-for-energimarkta-produkter","status":"publish","type":"page","link":"https:\/\/ekosuunnittelu.info\/sv\/databas-for-energimarkta-produkter\/","title":{"rendered":"Databas f\u00f6r energim\u00e4rkta produkter (EPREL)"},"content":{"rendered":"<p>Kommissionens webbplats om EPREL finns <a href=\"https:\/\/energy-efficient-products.ec.europa.eu\/eprel_en?prefLang=sv\">h\u00e4r.<\/a><\/p>\n<p><strong>Fr\u00e5n 1 januari 2019 \u00e4r det obligatoriskt f\u00f6r tillverkare och import\u00f6rer att l\u00e4gga in data i databasen f\u00f6r energim\u00e4rkta produkter<\/strong><\/p>\n<p><strong>Europeiska kommissionen g\u00e5r vidare med beredningen av en databas f\u00f6r energim\u00e4rkta produkter. Det \u00e4r obligatoriskt f\u00f6r tillverkare och import\u00f6rer att l\u00e4gga in data om produkter som omfattas av krav p\u00e5 energim\u00e4rkning i produktdatabasen. Produktdatabasen kommer att best\u00e5 av tv\u00e5 olika delar, en offentlig del som riktar sig till konsumenter och en s\u00e5 kallad efterlevnadsdel.<\/strong><\/p>\n<p>Enligt ramf\u00f6rordningen f\u00f6r energim\u00e4rkning (EU) 2017\/1369 ska leverant\u00f6rer, det vill s\u00e4ga tillverkare och import\u00f6rer, f\u00f6ra in information om energim\u00e4rkning av sina produkter i den produktdatabas som kommissionen uppr\u00e4tth\u00e5ller. Kravet g\u00e4ller produkter som \u00e4r energim\u00e4rkta och som har sl\u00e4ppts ut p\u00e5 EU-marknaden efter den 1 augusti 2017. F\u00f6r de produkter som har sl\u00e4ppts ut p\u00e5 marknaden mellan den 1 augusti 2017 och den 1 januari 2019 har tillverkarna och import\u00f6rerna tid p\u00e5 sig till den 30 juni 2019 att f\u00f6ra in den n\u00f6dv\u00e4ndiga informationen om produktmodellerna i produktdatabasen. Fr\u00e5n och med den 1 januari 2019 ska informationen alltid f\u00f6ras in i produktdatabasen innan produkten sl\u00e4pps ut p\u00e5 marknaden.<\/p>\n<p><strong>Information som ska f\u00f6ras in i den offentliga delen i produktdatabasen:<\/strong><\/p>\n<ul>\n<li>f\u00f6retagets namn och kontaktuppgifter<\/li>\n<li>modellbeteckning<\/li>\n<li>energietikett<\/li>\n<li>energieffektivitetsklass och andra parametrar p\u00e5 energietiketten<\/li>\n<li>produktinformationsbladets parametrar<\/li>\n<\/ul>\n<p>Syftet med den offentliga delen \u00e4r att informera konsumenten om produkternas energim\u00e4rkning och produktinformationsblad. Produktdatabasen fungerar p\u00e5 unionens alla officiella spr\u00e5k.<\/p>\n<p>Dessutom ska tillverkarna och import\u00f6rerna f\u00f6ra in mer ing\u00e5ende teknisk dokumentation om produkterna i produktdatabasens efterlevnadsdel. M\u00e5let med produktdatabasen till denna del \u00e4r att effektivisera marknadskontrollen och att hj\u00e4lpa nationella myndigheter att kontrollera att regelverket efterlevs.<\/p>\n<p><strong>Information som ska f\u00f6ras in i efterlevnadsdelen:<\/strong><\/p>\n<ul>\n<li>obligatoriska delar av den tekniska dokumentationen\n<ul>\n<li>allm\u00e4n beskrivning av modellen<\/li>\n<li>h\u00e4nvisningar till de harmoniserade standarder som till\u00e4mpats eller andra m\u00e4tstandarder som anv\u00e4nts<\/li>\n<li>s\u00e4rskilda f\u00f6rsiktighets\u00e5tg\u00e4rder som ska vidtas i samband med att modellen monteras, installeras, underh\u00e5lls eller provas<\/li>\n<li>modellens uppm\u00e4tta tekniska parametrar och ber\u00e4kningar som utf\u00f6rts med de uppm\u00e4tta parametrarna<\/li>\n<li>provningsf\u00f6rh\u00e5llanden<\/li>\n<\/ul>\n<\/li>\n<li>modellbeteckning f\u00f6r alla likv\u00e4rdiga (s.k. ekvivalenta) modeller<\/li>\n<\/ul>\n<p>Leverant\u00f6ren ska se till att informationen \u00e4r uppdaterad och lagra den i efterlevnadsdelen i produktdatabasen i 15\u00a0\u00e5r efter att den sista enheten av en modell har sl\u00e4ppts ut p\u00e5 marknaden. I produktdatabasen ska allts\u00e5 ocks\u00e5 anges det sista datum d\u00e5 en produkt har sl\u00e4ppts ut p\u00e5 marknaden, om detta \u00e4r k\u00e4nt.<\/p>\n<p>F\u00f6rutom tillverkaren och import\u00f6ren \u00e4r det endast marknadskontrollmyndigheterna och kommissionen som har tillg\u00e5ng till efterlevnadsdelen. Det centrala f\u00f6r kommissionen vid uppr\u00e4ttandet av produktdatabasen \u00e4r att se till att skydda konfidentiella kommersiella uppgifter samt att se till att s\u00e4kerhetsarrangemangen \u00e4r tillr\u00e4ckliga.<\/p>\n<p><strong>Checklista<\/strong><\/p>\n<ol>\n<li>Ta reda p\u00e5 om den produkt du tillverkar eller importerar omfattas av best\u00e4mmelserna om energim\u00e4rkning och om din produkt \u00e4r energim\u00e4rkt<\/li>\n<li>Kontrollera n\u00e4r produkten har sl\u00e4ppts ut eller kommer att sl\u00e4ppas ut p\u00e5 marknaden<\/li>\n<li>F\u00f6r in information i produktdatabasen i enlighet med f\u00f6rordningen<\/li>\n<li>F\u00f6lj med nyheterna p\u00e5 ekosuunnittelu.info<\/li>\n<\/ol>\n<p><strong>Produktdatabasen finns p\u00e5:\u00a0<\/strong><a href=\"https:\/\/energy-label.ec.europa.eu\/\"><strong>https:\/\/energy-label.ec.europa.eu<\/strong><\/a><strong>. Inloggning i produktdatabasen f\u00f6ruts\u00e4tter registrering av EU Login-l\u00f6senord.<\/strong><\/p>\n<p>Vid problem kontakta kommissionens helpdesk p\u00e5:\u00a0ENER-EPREL-HELPDESK@ec.europa.eu<\/p>\n<p>Mer information:\u00a0 ekosuunnittelu@tukes.fi<\/p>\n","protected":false},"excerpt":{"rendered":"<p>Kommissionens webbplats om EPREL finns h\u00e4r. Fr\u00e5n 1 januari 2019 \u00e4r det obligatoriskt f\u00f6r tillverkare och import\u00f6rer att l\u00e4gga in&#8230; <br \/><a class=\"moretag\" href=\"https:\/\/ekosuunnittelu.info\/sv\/databas-for-energimarkta-produkter\/\">Lue lis\u00e4\u00e4<\/a><\/p>\n","protected":false},"author":10,"featured_media":0,"parent":0,"menu_order":0,"comment_status":"closed","ping_status":"closed","template":"","meta":{"_acf_changed":false,"footnotes":""},"class_list":["post-3647","page","type-page","status-publish","hentry"],"acf":[],"_links":{"self":[{"href":"https:\/\/ekosuunnittelu.info\/sv\/wp-json\/wp\/v2\/pages\/3647","targetHints":{"allow":["GET"]}}],"collection":[{"href":"https:\/\/ekosuunnittelu.info\/sv\/wp-json\/wp\/v2\/pages"}],"about":[{"href":"https:\/\/ekosuunnittelu.info\/sv\/wp-json\/wp\/v2\/types\/page"}],"author":[{"embeddable":true,"href":"https:\/\/ekosuunnittelu.info\/sv\/wp-json\/wp\/v2\/users\/10"}],"replies":[{"embeddable":true,"href":"https:\/\/ekosuunnittelu.info\/sv\/wp-json\/wp\/v2\/comments?post=3647"}],"version-history":[{"count":3,"href":"https:\/\/ekosuunnittelu.info\/sv\/wp-json\/wp\/v2\/pages\/3647\/revisions"}],"predecessor-version":[{"id":5795,"href":"https:\/\/ekosuunnittelu.info\/sv\/wp-json\/wp\/v2\/pages\/3647\/revisions\/5795"}],"wp:attachment":[{"href":"https:\/\/ekosuunnittelu.info\/sv\/wp-json\/wp\/v2\/media?parent=3647"}],"curies":[{"name":"wp","href":"https:\/\/api.w.org\/{rel}","templated":true}]}}