{"id":2103,"date":"2017-05-30T18:22:53","date_gmt":"2017-05-30T15:22:53","guid":{"rendered":"https:\/\/ekosuunnittelu.info\/?page_id=2103\/"},"modified":"2025-06-19T12:22:33","modified_gmt":"2025-06-19T09:22:33","slug":"elektronisk-etikett-och-elektroniskt-produktblad","status":"publish","type":"page","link":"https:\/\/ekosuunnittelu.info\/sv\/energimarkning\/elektronisk-etikett-och-elektroniskt-produktblad\/","title":{"rendered":"Elektronisk etikett och elektroniskt produktblad"},"content":{"rendered":"<p>Information som ska tillhandah\u00e5llas vid f\u00f6rs\u00e4ljning, uthyrning eller avbetalningsk\u00f6p via internet omfattar en elektronisk etikett och ett elektroniskt produktblad. De nya best\u00e4mmelserna g\u00e4ller sedan 1 januari 2015 diskmaskiner, kylar och frysar,\u00a0tv\u00e4ttmaskiner, torktumlare, dammsugare,\u00a0tv-mottagare, lampor, armaturer\u00a0och\u00a0luftkonditioneringsapparater f\u00f6r hush\u00e5llsbruk. F\u00f6rordningen till\u00e4mpas fr\u00e5n och med 1 april 2015 (f\u00e5r till\u00e4mpas fr\u00e5n och med 1 januari 2015) p\u00e5 ugnar och k\u00f6ksfl\u00e4ktar. F\u00f6rordningen till\u00e4mpas fr\u00e5n och med 26 september 2015 p\u00e5\u00a0varmvattenberedare och ackumulatortankar\u00a0samt pannor och v\u00e4rmepumpar.<\/p>\n<p>Fr\u00e5n och med 1 juli 2016 g\u00e4ller kraven \u00e4ven kylar och frysar f\u00f6r professionellt bruk, april 2017 pannor f\u00f6r fastbr\u00e4nslen och januari 2018 lokala rumsv\u00e4rmare.<\/p>\n<p>Kravet p\u00e5 elektronisk etikett och elektroniskt produktblad g\u00e4ller endast f\u00f6r de modeller av produkten som placeras p\u00e5 marknaden efter ovann\u00e4mnda datum F\u00f6r \u00e4ldre produkter \u00e4r det frivilligt att tillhandah\u00e5lla informationen.<\/p>\n<p>&nbsp;<\/p>\n<h2>Elektronisk energim\u00e4rkningsetikett<\/h2>\n<p>L\u00e4mplig m\u00e4rkning som tillhandah\u00e5lls av leverant\u00f6rer ska visas n\u00e4ra produktens pris. Storleken ska vara s\u00e5dan att m\u00e4rkningen \u00e4r v\u00e4l synlig och tydligt l\u00e4sbar och den ska vara proportionerlig till storleken. M\u00e4rkningen f\u00e5r visas med hj\u00e4lp av en kapslad sk\u00e4rmbild (l\u00e4nk), f\u00f6rutsatt att den bild som anv\u00e4nds f\u00f6r att g\u00f6ra m\u00e4rkningen \u00e5tkomlig \u00f6verensst\u00e4mmer med beskrivningen nedan.<\/p>\n<h3>Kapslad sk\u00e4rmbild<\/h3>\n<p>Vid anv\u00e4ndning av kapslad sk\u00e4rmbild ska bilden som anv\u00e4nds f\u00f6r att g\u00f6ra m\u00e4rkningen \u00e5tkomlig<\/p>\n<ul>\n<li>f\u00f6rest\u00e4lla en pil vars f\u00e4rg motsvarar produktens energieffektivitetsklass p\u00e5 etiketten<\/li>\n<li>ange produktens energieffektivitetsklass p\u00e5 pilen i vitt och i samma teckenstorlek som f\u00f6r priset<\/li>\n<li>ha ett av dessa tv\u00e5 format<br \/>\n<img loading=\"lazy\" decoding=\"async\" class=\"alignnone wp-image-312 size-full\" src=\"https:\/\/ekosuunnittelu.info\/wp-content\/uploads\/2015\/09\/nuolet.png\" alt=\"nuolet\" width=\"400\" height=\"88\" srcset=\"https:\/\/ekosuunnittelu.info\/wp-content\/uploads\/2015\/09\/nuolet.png 400w, https:\/\/ekosuunnittelu.info\/wp-content\/uploads\/2015\/09\/nuolet-300x66.png 300w\" sizes=\"auto, (max-width: 400px) 100vw, 400px\" \/><\/li>\n<li>Klicka <a href=\"https:\/\/energy.ec.europa.eu\/topics\/energy-efficiency\/energy-label-and-ecodesign\/energy-label-templates_en\">h\u00e4r<\/a> f\u00f6r att ladda ner pilarna.<\/li>\n<\/ul>\n<p>Om en kapslad sk\u00e4rmbild anv\u00e4nds ska etiketten visas p\u00e5 f\u00f6ljande s\u00e4tt:<\/p>\n<ul>\n<li>Bilden som anv\u00e4nds f\u00f6r att g\u00f6ra m\u00e4rkningen \u00e5tkomlig ska visas p\u00e5 visningsmekanismen n\u00e4ra produktens pris.<\/li>\n<li>Bilden ska vara l\u00e4nkad till etiketten.<\/li>\n<li>Etiketten ska visas med ett musklick eller n\u00e4r musen f\u00f6rs \u00f6ver bilden eller n\u00e4r bilden f\u00f6rstoras p\u00e5 sk\u00e4rmen.<\/li>\n<li>Etiketten ska visas som ett popup-f\u00f6nster, som en ny flik, som en ny webbsida eller som en infogad sk\u00e4rmbild.<\/li>\n<li>F\u00f6r f\u00f6rstoring av etiketten p\u00e5 en peksk\u00e4rm ska apparatens normala funktioner f\u00f6r pekf\u00f6rstorning kunna anv\u00e4ndas.<\/li>\n<li>Etiketten ska upph\u00f6ra att visas genom ett st\u00e4ngningsalternativ eller annan normal st\u00e4ngningsfunktion.<\/li>\n<li>Den alternativa text som visas om etiketten inte kan visas grafiskt ska ange produktens energieffektivitetsklass i samma textstorlek som priset.<\/li>\n<\/ul>\n<figure id=\"attachment_313\" aria-describedby=\"caption-attachment-313\" style=\"width: 620px\" class=\"wp-caption alignnone\"><img loading=\"lazy\" decoding=\"async\" class=\"wp-image-313 size-full\" src=\"https:\/\/ekosuunnittelu.info\/wp-content\/uploads\/2015\/09\/verkkokauppahakuesimerkki.jpg\" alt=\"Exempel p\u00e5 visning av l\u00e4nkarna till energim\u00e4rkningsetiketten och produktbladet\" width=\"620\" height=\"307\" srcset=\"https:\/\/ekosuunnittelu.info\/wp-content\/uploads\/2015\/09\/verkkokauppahakuesimerkki.jpg 620w, https:\/\/ekosuunnittelu.info\/wp-content\/uploads\/2015\/09\/verkkokauppahakuesimerkki-300x149.jpg 300w, https:\/\/ekosuunnittelu.info\/wp-content\/uploads\/2015\/09\/verkkokauppahakuesimerkki-500x248.jpg 500w\" sizes=\"auto, (max-width: 620px) 100vw, 620px\" \/><figcaption id=\"caption-attachment-313\" class=\"wp-caption-text\">Exempel p\u00e5 visning av l\u00e4nkarna till energim\u00e4rkningsetiketten och produktbladet<\/figcaption><\/figure>\n<figure id=\"attachment_314\" aria-describedby=\"caption-attachment-314\" style=\"width: 620px\" class=\"wp-caption alignnone\"><img loading=\"lazy\" decoding=\"async\" class=\"wp-image-314 size-full\" src=\"https:\/\/ekosuunnittelu.info\/wp-content\/uploads\/2015\/09\/verkkokauppahakuesimerkkiauki.jpg\" alt=\"Exempel p\u00e5 visning av etiketten genom en kapslad sk\u00e4rmbild\" width=\"620\" height=\"431\" srcset=\"https:\/\/ekosuunnittelu.info\/wp-content\/uploads\/2015\/09\/verkkokauppahakuesimerkkiauki.jpg 620w, https:\/\/ekosuunnittelu.info\/wp-content\/uploads\/2015\/09\/verkkokauppahakuesimerkkiauki-300x209.jpg 300w, https:\/\/ekosuunnittelu.info\/wp-content\/uploads\/2015\/09\/verkkokauppahakuesimerkkiauki-500x348.jpg 500w\" sizes=\"auto, (max-width: 620px) 100vw, 620px\" \/><figcaption id=\"caption-attachment-314\" class=\"wp-caption-text\">Exempel p\u00e5 visning av etiketten genom en kapslad sk\u00e4rmbild<\/figcaption><\/figure>\n<h2>Elektroniskt produktblad<\/h2>\n<p>Det elektroniska produktbladet ska visas n\u00e4ra produktens pris. Den information som ska tillhandah\u00e5llas p\u00e5 produktbladet fastst\u00e4lls i produktspecifika f\u00f6rordningar. F\u00f6r armaturer och lampor finns inget separat produktblad och f\u00f6r dem r\u00e4cker det med energim\u00e4rkningsetikett som tillhandah\u00e5lls p\u00e5 webbplatsen.\u00a0Teckenstorleken p\u00e5 produktbladet ska vara s\u00e5dan att den \u00e4r v\u00e4l synlig och tydligt l\u00e4sbar. Produktbladet f\u00e5r visas genom en kapslad sk\u00e4rmbild n\u00e4ra prisuppgiften, f\u00f6rutsatt att l\u00e4nken till produktbladet tydligt och l\u00e4sbart \u00e4r f\u00f6rsedd med texten \u201dProduktblad\u201d. Om kapslad sk\u00e4rmbild anv\u00e4nds ska produktbladet visas med ett musklick eller n\u00e4r musen f\u00f6rs \u00f6ver bilden eller n\u00e4r bilden f\u00f6rstoras p\u00e5 en peksk\u00e4rm.<\/p>\n","protected":false},"excerpt":{"rendered":"<p>Information som ska tillhandah\u00e5llas vid f\u00f6rs\u00e4ljning, uthyrning eller avbetalningsk\u00f6p via internet omfattar en elektronisk etikett och ett elektroniskt produktblad. De&#8230; <br \/><a class=\"moretag\" href=\"https:\/\/ekosuunnittelu.info\/sv\/energimarkning\/elektronisk-etikett-och-elektroniskt-produktblad\/\">Lue lis\u00e4\u00e4<\/a><\/p>\n","protected":false},"author":2,"featured_media":0,"parent":1674,"menu_order":0,"comment_status":"closed","ping_status":"closed","template":"","meta":{"_acf_changed":false,"footnotes":""},"class_list":["post-2103","page","type-page","status-publish","hentry"],"acf":[],"_links":{"self":[{"href":"https:\/\/ekosuunnittelu.info\/sv\/wp-json\/wp\/v2\/pages\/2103","targetHints":{"allow":["GET"]}}],"collection":[{"href":"https:\/\/ekosuunnittelu.info\/sv\/wp-json\/wp\/v2\/pages"}],"about":[{"href":"https:\/\/ekosuunnittelu.info\/sv\/wp-json\/wp\/v2\/types\/page"}],"author":[{"embeddable":true,"href":"https:\/\/ekosuunnittelu.info\/sv\/wp-json\/wp\/v2\/users\/2"}],"replies":[{"embeddable":true,"href":"https:\/\/ekosuunnittelu.info\/sv\/wp-json\/wp\/v2\/comments?post=2103"}],"version-history":[{"count":8,"href":"https:\/\/ekosuunnittelu.info\/sv\/wp-json\/wp\/v2\/pages\/2103\/revisions"}],"predecessor-version":[{"id":5919,"href":"https:\/\/ekosuunnittelu.info\/sv\/wp-json\/wp\/v2\/pages\/2103\/revisions\/5919"}],"up":[{"embeddable":true,"href":"https:\/\/ekosuunnittelu.info\/sv\/wp-json\/wp\/v2\/pages\/1674"}],"wp:attachment":[{"href":"https:\/\/ekosuunnittelu.info\/sv\/wp-json\/wp\/v2\/media?parent=2103"}],"curies":[{"name":"wp","href":"https:\/\/api.w.org\/{rel}","templated":true}]}}