{"id":1674,"date":"2016-09-07T11:11:44","date_gmt":"2016-09-07T08:11:44","guid":{"rendered":"http:\/\/ekosuunnittelu.info\/sv\/?page_id=1674"},"modified":"2022-08-23T15:41:07","modified_gmt":"2022-08-23T12:41:07","slug":"energimarkning","status":"publish","type":"page","link":"https:\/\/ekosuunnittelu.info\/sv\/energimarkning\/","title":{"rendered":"Energim\u00e4rkning"},"content":{"rendered":"<p>Syftet med energim\u00e4rkning \u00e4r informera konsumenterna om energif\u00f6rbrukningen av en produkt och dess andra egenskaper och p\u00e5 s\u00e5 vis hj\u00e4lpa konsumenterna att fatta v\u00e4lavv\u00e4gda konsumtionsbeslut.\u00a0De produkter som omfattas av en produktgruppspecifik f\u00f6rordning om energim\u00e4rkning ska f\u00f6rses med energim\u00e4rke.<\/p>\n<p>Ramarna f\u00f6r energim\u00e4rkning fastst\u00e4lls p\u00e5 EU-niv\u00e5 i EU parlamentets och r\u00e5dets <a href=\"https:\/\/eur-lex.europa.eu\/legal-content\/SV\/TXT\/PDF\/?uri=CELEX:32017R1369&amp;qid=1571209769759&amp;from=EN\">f\u00f6rordning om energim\u00e4rkning (EU) 2017\/1369<\/a>. F\u00f6rordningen tr\u00e4dde i kraft i juli 2017 och den ers\u00e4tter det gamla energim\u00e4rkningsdirektivet. Den nya ergim\u00e4rkningsf\u00f6rordningen har flera stora nyheter, till exempel energim\u00e4rkningen med A+++ till G ska ers\u00e4ttas av skalan A till G f\u00f6r alla produkter som omfattas av obligatorisk energim\u00e4rkning. I den nya ramf\u00f6rordningen best\u00e4mdes ocks\u00e5 att kommissionen ska h\u00e5lla med en databas (EPREL) som ska ge en b\u00e4ttre \u00f6verblick \u00f6ver energim\u00e4rkta produkter och relaterad information. \u00a0Med st\u00f6d av energim\u00e4rkningsf\u00f6rordning utf\u00e4rdas bindande best\u00e4mmelser f\u00f6r produktgruppen i fr\u00e5ga. Kraven p\u00e5 energim\u00e4rkning g\u00e4ller bara de produktgrupper som omfattas av en produktgruppspecifik f\u00f6rordning.<\/p>\n<p>Kommissionen meddelar de produktgruppspecifika best\u00e4mmelserna om energim\u00e4rkning som delegerade f\u00f6rordningar som \u00e4r direkt till\u00e4mpliga i Finland. Medlemsstaterna r\u00f6star inte om delegerade f\u00f6rordningar men de kan yttra sig i samr\u00e5dsforum.<\/p>\n<p>Kravet p\u00e5 energim\u00e4rkning g\u00e4ller b\u00e5de produkter som s\u00e4ljs i fysiska butiker och i webbutiker. Kravet p\u00e5 elektronisk energim\u00e4rkning och produktblad i webbutiker b\u00f6rjade g\u00e4lla den 1 januari 2015. I den horisontella f\u00f6rordningen fastst\u00e4lls kraven p\u00e5 energim\u00e4rkning som ska h\u00e5llas synlig i webbutiker. De v\u00e4sentliga \u00e4r att konsumenterna ska se energim\u00e4rkningen innan de fattar beslut om att k\u00f6pa produkten.<\/p>\n<p>Ett nedladdningsbart underlag f\u00f6r energim\u00e4rke finns\u00a0<a href=\"https:\/\/energy.ec.europa.eu\/topics\/energy-efficiency\/energy-label-and-ecodesign\/energy-label-templates_en\">h\u00e4r<\/a>.<\/p>\n","protected":false},"excerpt":{"rendered":"<p>Syftet med energim\u00e4rkning \u00e4r informera konsumenterna om energif\u00f6rbrukningen av en produkt och dess andra egenskaper och p\u00e5 s\u00e5 vis hj\u00e4lpa&#8230; <br \/><a class=\"moretag\" href=\"https:\/\/ekosuunnittelu.info\/sv\/energimarkning\/\">Lue lis\u00e4\u00e4<\/a><\/p>\n","protected":false},"author":2,"featured_media":0,"parent":0,"menu_order":0,"comment_status":"open","ping_status":"open","template":"","meta":{"_acf_changed":false,"footnotes":""},"class_list":["post-1674","page","type-page","status-publish","hentry"],"acf":[],"_links":{"self":[{"href":"https:\/\/ekosuunnittelu.info\/sv\/wp-json\/wp\/v2\/pages\/1674","targetHints":{"allow":["GET"]}}],"collection":[{"href":"https:\/\/ekosuunnittelu.info\/sv\/wp-json\/wp\/v2\/pages"}],"about":[{"href":"https:\/\/ekosuunnittelu.info\/sv\/wp-json\/wp\/v2\/types\/page"}],"author":[{"embeddable":true,"href":"https:\/\/ekosuunnittelu.info\/sv\/wp-json\/wp\/v2\/users\/2"}],"replies":[{"embeddable":true,"href":"https:\/\/ekosuunnittelu.info\/sv\/wp-json\/wp\/v2\/comments?post=1674"}],"version-history":[{"count":4,"href":"https:\/\/ekosuunnittelu.info\/sv\/wp-json\/wp\/v2\/pages\/1674\/revisions"}],"predecessor-version":[{"id":5166,"href":"https:\/\/ekosuunnittelu.info\/sv\/wp-json\/wp\/v2\/pages\/1674\/revisions\/5166"}],"wp:attachment":[{"href":"https:\/\/ekosuunnittelu.info\/sv\/wp-json\/wp\/v2\/media?parent=1674"}],"curies":[{"name":"wp","href":"https:\/\/api.w.org\/{rel}","templated":true}]}}