{"id":1670,"date":"2016-09-07T11:07:35","date_gmt":"2016-09-07T08:07:35","guid":{"rendered":"http:\/\/ekosuunnittelu.info\/sv\/?page_id=1670"},"modified":"2025-03-14T08:58:06","modified_gmt":"2025-03-14T06:58:06","slug":"ekodesign","status":"publish","type":"page","link":"https:\/\/ekosuunnittelu.info\/sv\/ekodesign\/","title":{"rendered":"Ekodesign"},"content":{"rendered":"<h3 class=\"noPrintBtn\">Ekodesignf\u00f6rordningen (ESPR)<\/h3>\n<p><a href=\"https:\/\/eur-lex.europa.eu\/legal-content\/SV\/TXT\/?uri=CELEX:32024R1781\">EU:s ekodesignf\u00f6rordning (EU) 2024\/1781<\/a> antogs av ministerr\u00e5det i maj och tr\u00e4dde i kraft i alla medlemsl\u00e4nder den 18 juli 2024. Syftet med f\u00f6rordningen \u00e4r att f\u00f6rb\u00e4ttra produkters milj\u00f6m\u00e4ssiga h\u00e5llbarhet s\u00e5 att milj\u00f6p\u00e5verkan fr\u00e5n produkter som sl\u00e4pps ut p\u00e5 EU-marknaden under hela deras livscykel blir s\u00e5 l\u00e5ga som m\u00f6jligt.<\/p>\n<p>F\u00f6rordningens ikrafttr\u00e4dande \u00e4r till stor del kopplat till kommissionens delegerade akter. Den nya f\u00f6rordningen kommer gradvis att ers\u00e4tta ekodesigndirektivet (2009\/125\/EG) som antogs 2009. Lagstiftningen som bygger p\u00e5 den kommer att g\u00e4lla under en tid, vid sidan av dekretet.<\/p>\n<p>Kommissionens webbplats om ekodesignf\u00f6rordningen finns <a href=\"https:\/\/commission.europa.eu\/energy-climate-change-environment\/standards-tools-and-labels\/products-labelling-rules-and-requirements\/ecodesign-sustainable-products-regulation_en\">h\u00e4r<\/a> och de vanligaste fr\u00e5gorna och svaren som kommissionen samlat in finns <a href=\"https:\/\/circabc.europa.eu\/ui\/group\/418195ae-4919-45fa-a959-3b695c9aab28\/library\/25c48e7c-9ce3-41cb-96ac-d2942a8a29d6\/details?download=true\">h\u00e4r<\/a>.<\/p>\n<h3>Produktgrupp eller produktupps\u00e4ttning specifika delegerade akter<\/h3>\n<p>Produktgrupps- eller produktupps\u00e4ttningsspecifika akter krav p\u00e5 produkter i den gruppen och en tidsplan f\u00f6r deras ikrafttr\u00e4dande. De krav som st\u00e4lls syftar till att minska produktens milj\u00f6p\u00e5verkan (t.ex. energieffektivitet, h\u00e5llbarhet, reparerbarhet, anv\u00e4ndning av \u00e5tervunnet material, \u00e5tervinningsbarhet).<\/p>\n<p>Om en produkt inte uppfyller de krav p\u00e5 ekodesign som st\u00e4lls f\u00f6r den f\u00e5r den inte sl\u00e4ppas ut p\u00e5 marknaden eller tas i bruk inom Europeiska unionen.<\/p>\n<p>Produktgrupper f\u00f6r vilka krav redan har definierats eller f\u00f6r vilka krav startas finns p\u00e5 sidan Produktkrav.<\/p>\n<p>Det tidigare g\u00e4llande ekodesigndirektivet i Finland genomf\u00f6rdes genom <a href=\"http:\/\/www.finlex.fi\/sv\/laki\/ajantasa\/2008\/20081005\">lagen om ekodesign (1005\/2008)<\/a>\u00a0och de produktgruppsspecifika best\u00e4mmelserna g\u00e4ller i befintligt skick.<\/p>\n\n\n<p><\/p>\n\n\n\n<p><a href=\"https:\/\/tem.fi\/sv\/-\/eu-s-nya-ekodesignforordning-ger-metoder-att-ingripa-i-miljobelastningen-under-allt-fler-produkters-livscykel\">ANM:s pressmeddelande: EU:s nya ekodesignf\u00f6rordning ger metoder att ingripa i milj\u00f6belastningen under allt fler produkters livscykel&nbsp;<\/a><\/p>\n\n\n\n<p>Ytterligare upplysningar: ekosuunnittelu@energiavirasto.fi<\/p>\n","protected":false},"excerpt":{"rendered":"<p>Ekodesignf\u00f6rordningen (ESPR) EU:s ekodesignf\u00f6rordning (EU) 2024\/1781 antogs av ministerr\u00e5det i maj och tr\u00e4dde i kraft i alla medlemsl\u00e4nder den 18&#8230; <br \/><a class=\"moretag\" href=\"https:\/\/ekosuunnittelu.info\/sv\/ekodesign\/\">Lue lis\u00e4\u00e4<\/a><\/p>\n","protected":false},"author":2,"featured_media":0,"parent":0,"menu_order":0,"comment_status":"open","ping_status":"open","template":"","meta":{"_acf_changed":false,"footnotes":""},"class_list":["post-1670","page","type-page","status-publish","hentry"],"acf":[],"_links":{"self":[{"href":"https:\/\/ekosuunnittelu.info\/sv\/wp-json\/wp\/v2\/pages\/1670","targetHints":{"allow":["GET"]}}],"collection":[{"href":"https:\/\/ekosuunnittelu.info\/sv\/wp-json\/wp\/v2\/pages"}],"about":[{"href":"https:\/\/ekosuunnittelu.info\/sv\/wp-json\/wp\/v2\/types\/page"}],"author":[{"embeddable":true,"href":"https:\/\/ekosuunnittelu.info\/sv\/wp-json\/wp\/v2\/users\/2"}],"replies":[{"embeddable":true,"href":"https:\/\/ekosuunnittelu.info\/sv\/wp-json\/wp\/v2\/comments?post=1670"}],"version-history":[{"count":10,"href":"https:\/\/ekosuunnittelu.info\/sv\/wp-json\/wp\/v2\/pages\/1670\/revisions"}],"predecessor-version":[{"id":5797,"href":"https:\/\/ekosuunnittelu.info\/sv\/wp-json\/wp\/v2\/pages\/1670\/revisions\/5797"}],"wp:attachment":[{"href":"https:\/\/ekosuunnittelu.info\/sv\/wp-json\/wp\/v2\/media?parent=1670"}],"curies":[{"name":"wp","href":"https:\/\/api.w.org\/{rel}","templated":true}]}}