{"id":1668,"date":"2016-09-07T11:05:40","date_gmt":"2016-09-07T08:05:40","guid":{"rendered":"http:\/\/ekosuunnittelu.info\/sv\/?page_id=1668"},"modified":"2019-10-16T10:54:29","modified_gmt":"2019-10-16T07:54:29","slug":"deltagande-i-beredningen","status":"publish","type":"page","link":"https:\/\/ekosuunnittelu.info\/sv\/beredningsprocess\/deltagande-i-beredningen\/","title":{"rendered":"Deltagande i beredningen"},"content":{"rendered":"<p>Beredningen av best\u00e4mmelserna \u00e4r en l\u00e5ng process: lagarna kommer inte som en \u00f6verraskning och det \u00e4r m\u00f6jligt att inverka p\u00e5 dem.<\/p>\n<h2>Hur kan tillverkaren p\u00e5verka?<\/h2>\n<h3>Arbetsplan<\/h3>\n<ul>\n<li>Kontrollera redan n\u00e4r arbetsplanen bereds vilka produktgrupper som f\u00f6resl\u00e5s<\/li>\n<li>T\u00e4nk p\u00e5 att upptagning av en produktgrupp i arbetsplanen inte inneb\u00e4r automatiskt att produktgruppen blir f\u00f6rem\u00e5l f\u00f6r lagberedning<\/li>\n<li>L\u00e4mna dina synpunkter direkt till konsulten, kommissionen, finl\u00e4ndska tj\u00e4nstem\u00e4n och\/eller organisationer.<\/li>\n<\/ul>\n<h3>F\u00f6rstudie<\/h3>\n<ul>\n<li>Det absolut b\u00e4sta och viktigaste skede d\u00e5 du kan p\u00e5verka \u00e4r under f\u00f6rstudien.\u00a0Genom att vara aktiv uppn\u00e5r du bra resultat utan stora kostnader.<\/li>\n<li>Under f\u00f6rstudien inh\u00e4mtas teknisk information om produktgruppen och det g\u00f6rs bed\u00f6mningar av hur bland annat produkternas milj\u00f6p\u00e5verkan kan minskas.<\/li>\n<li>F\u00f6rstudien utg\u00f6r underlag f\u00f6r den eventuella lagstiftningen och d\u00e4rf\u00f6r beh\u00f6vs s\u00e5 bred medverkan som m\u00f6jligt f\u00f6r att n\u00e5 b\u00e4sta resultat<\/li>\n<li>L\u00e4mna dina synpunkter helst till konsulten. Anm\u00e4l dig som intressent till en f\u00f6rstudie via f\u00f6rstudiens webbplats. D\u00e5 f\u00f6r du information om nytt material, enk\u00e4ter som anknyter till f\u00f6rstudien och inbjudningar till samr\u00e5dsm\u00f6ten.<\/li>\n<\/ul>\n<h3>Samr\u00e5dsforum<\/h3>\n<ul>\n<li>Lagf\u00f6rslagen diskuteras i samr\u00e5dsforum f\u00f6r tj\u00e4nstem\u00e4n fr\u00e5n medlemsl\u00e4nderna. \u00c4ven intressentgrupper kan bjudas in till samr\u00e5dsforum.<\/li>\n<li>I detta skede \u00e4r det m\u00f6jligt att p\u00e5verka inneh\u00e5llet, till exempel i fr\u00e5ga om f\u00f6rordningens till\u00e4mpningsomr\u00e5de eller kravniv\u00e5er.<\/li>\n<li>L\u00e4mna dina kommentarer helst till Finlands representanter (se kontaktinformationen l\u00e4ngst ner p\u00e5 sidan) eller organisationer.<\/li>\n<\/ul>\n<h3>Konsekvensbed\u00f6mning<\/h3>\n<ul>\n<li>Kommissionen kan be intressentgrupper besvara enk\u00e4ter som st\u00f6d f\u00f6r konsekvensbed\u00f6mningen.<\/li>\n<li>L\u00e4mna dina synpunkter i enk\u00e4terna<\/li>\n<\/ul>\n<h3>F\u00f6reskrivande kommitt\u00e9<\/h3>\n<ul>\n<li>I den f\u00f6reskrivande kommitt\u00e9n n\u00e4r den behandlar och r\u00f6star om f\u00f6rordningsf\u00f6rslaget. Kommitt\u00e9n best\u00e5r av tj\u00e4nstem\u00e4n fr\u00e5n medlemsl\u00e4nderna.<\/li>\n<li>I den f\u00f6reskrivande kommitt\u00e9n \u00e4r det m\u00f6jligt att korrigera uppenbara fel eller tekniska brister. Det \u00e4r ocks\u00e5 m\u00f6jligt att g\u00f6ra noga begr\u00e4nsade \u00e4ndringar i f\u00f6rordningens till\u00e4mpningsomr\u00e5de eller inneh\u00e5ll. D\u00e4remot \u00e4r det sv\u00e5rt att f\u00e5 igenom st\u00f6rre \u00e4ndringar i inneh\u00e5llet.<\/li>\n<li>L\u00e4mna dina kommentarer helst till Finlands representanter (se kontaktinformationen l\u00e4ngst ner p\u00e5 sidan)<\/li>\n<\/ul>\n<h3>Ompr\u00f6vning<\/h3>\n<ul>\n<li>F\u00f6rordningen tas upp f\u00f6r ompr\u00f6vning vid en f\u00f6rutbest\u00e4md tidpunkt. Denna process motsvarar p\u00e5 m\u00e5nga s\u00e4tt beredningen av en f\u00f6rordning, inklusive en f\u00f6rstudie. M\u00f6jligheterna att p\u00e5verka \u00e4r i stort sett desamma som under den ursprungliga beredningsprocessen<\/li>\n<\/ul>\n<p>Finland \u00e4r alltid representerat i samr\u00e5dsforumet och den f\u00f6reskrivande kommitt\u00e9n.<\/p>\n<p>Finlands representant f\u00f6r byggprodukter \u00e4r milj\u00f6ministeriet och f\u00f6r \u00f6vriga produkter Energimyndigheten.<\/p>\n<p>Ministeriernas representanter beg\u00e4r synpunkter p\u00e5 de fr\u00e5gor som \u00e4r under behandling via den finska webbplatsen f\u00f6r ekodesign (www.ekosuunnittelu.info).<\/p>\n","protected":false},"excerpt":{"rendered":"<p>Beredningen av best\u00e4mmelserna \u00e4r en l\u00e5ng process: lagarna kommer inte som en \u00f6verraskning och det \u00e4r m\u00f6jligt att inverka p\u00e5&#8230; <br \/><a class=\"moretag\" href=\"https:\/\/ekosuunnittelu.info\/sv\/beredningsprocess\/deltagande-i-beredningen\/\">Lue lis\u00e4\u00e4<\/a><\/p>\n","protected":false},"author":2,"featured_media":0,"parent":1665,"menu_order":3,"comment_status":"open","ping_status":"closed","template":"","meta":{"_acf_changed":false,"footnotes":""},"class_list":["post-1668","page","type-page","status-publish","hentry"],"acf":[],"_links":{"self":[{"href":"https:\/\/ekosuunnittelu.info\/sv\/wp-json\/wp\/v2\/pages\/1668","targetHints":{"allow":["GET"]}}],"collection":[{"href":"https:\/\/ekosuunnittelu.info\/sv\/wp-json\/wp\/v2\/pages"}],"about":[{"href":"https:\/\/ekosuunnittelu.info\/sv\/wp-json\/wp\/v2\/types\/page"}],"author":[{"embeddable":true,"href":"https:\/\/ekosuunnittelu.info\/sv\/wp-json\/wp\/v2\/users\/2"}],"replies":[{"embeddable":true,"href":"https:\/\/ekosuunnittelu.info\/sv\/wp-json\/wp\/v2\/comments?post=1668"}],"version-history":[{"count":3,"href":"https:\/\/ekosuunnittelu.info\/sv\/wp-json\/wp\/v2\/pages\/1668\/revisions"}],"predecessor-version":[{"id":3544,"href":"https:\/\/ekosuunnittelu.info\/sv\/wp-json\/wp\/v2\/pages\/1668\/revisions\/3544"}],"up":[{"embeddable":true,"href":"https:\/\/ekosuunnittelu.info\/sv\/wp-json\/wp\/v2\/pages\/1665"}],"wp:attachment":[{"href":"https:\/\/ekosuunnittelu.info\/sv\/wp-json\/wp\/v2\/media?parent=1668"}],"curies":[{"name":"wp","href":"https:\/\/api.w.org\/{rel}","templated":true}]}}