{"id":1665,"date":"2016-09-07T10:58:04","date_gmt":"2016-09-07T07:58:04","guid":{"rendered":"http:\/\/ekosuunnittelu.info\/sv\/?page_id=1665"},"modified":"2016-09-07T11:00:30","modified_gmt":"2016-09-07T08:00:30","slug":"beredningsprocess","status":"publish","type":"page","link":"https:\/\/ekosuunnittelu.info\/sv\/beredningsprocess\/","title":{"rendered":"Beredningsprocess"},"content":{"rendered":"<ol>\n<li>Kommissionen uppr\u00e4ttar en arbetsplan f\u00f6r de produktgrupper som ska behandlas under de n\u00e4rmaste \u00e5ren. I arbetsplanen fastst\u00e4lls ocks\u00e5 vilka produktgrupper som ska bli f\u00f6rem\u00e5l f\u00f6r en noggrannare f\u00f6rstudie. Beslutet om beredning av f\u00f6rordningarna fattas f\u00f6rst efter f\u00f6rstudien, och d\u00e4rmed betyder upptagning av en produkt p\u00e5 arbetsplanen inte automatiskt att produkten kommer att bli f\u00f6rem\u00e5l f\u00f6r bindande krav.<\/li>\n<li>Kommissionen l\u00e5ter utf\u00f6ra en teknisk f\u00f6rstudie (preparatory study) av produkten\/produktgruppen. F\u00f6rstudien tar i genomsnitt tv\u00e5 \u00e5r och i processen ing\u00e5r normalt tre offentliga samr\u00e5d f\u00f6r intressenter. Det \u00e4r viktigt att intressenterna tar aktivt del i f\u00f6rstudien eftersom den tekniska dokumentation som inh\u00e4mtas under f\u00f6rstudien ofta utg\u00f6r underlag f\u00f6r beredningen av f\u00f6rordningarna. F\u00f6rstudierna \u00e4r offentliga.<\/li>\n<li>Beredning av kraven inleds om produktgruppen uppfyller de kriterier som fastst\u00e4lls i ramdirektivet (betydande f\u00f6rs\u00e4ljningsvolym inom EU, stor milj\u00f6p\u00e5verkan, kostnadseffektiva s\u00e4tt att minska milj\u00f6p\u00e5verkan). Kommissionen uppr\u00e4ttar ett arbetsdokument (working document) som bygger p\u00e5 f\u00f6rstudien. Arbetsdokumentet inneh\u00e5ller ett f\u00f6rsta f\u00f6rslag till det centrala inneh\u00e5llet i f\u00f6rordningen. Medlemsl\u00e4ndernas representanter och inbjudna experter och intressebevakare yttrar sig om f\u00f6rslaget i samr\u00e5dsforumet (consultation forum). Kommissionen forts\u00e4tter att bearbeta f\u00f6rslaget utifr\u00e5n samr\u00e5dsyttrandena.<\/li>\n<li>Kommissionen uppr\u00e4ttar ett f\u00f6rslag till genomf\u00f6rande\u00e5tg\u00e4rd (IM = implementing measure) utifr\u00e5n synpunkterna<\/li>\n<li>Kommissionen g\u00f6r en konsekvensbed\u00f6mning (IA = impact assessment) av f\u00f6rslaget och verkst\u00e4ller samr\u00e5d mellan kommissionens avdelningar (ISC = interservice consultation). Kommissionen anm\u00e4ler ocks\u00e5 f\u00f6rslaget till WTO<\/li>\n<li>En f\u00f6reskrivande kommitt\u00e9 (regulatory committee) best\u00e5ende av representanter f\u00f6r medlemsl\u00e4nderna behandlar och godk\u00e4nner f\u00f6rordningsf\u00f6rslagen<\/li>\n<li>F\u00f6rslaget till f\u00f6rordning granskas av parlamentet och ministerr\u00e5det och den godk\u00e4nda f\u00f6rordningen publiceras i den officiella tidningen (Official Journal). F\u00f6rordningen b\u00f6rjar g\u00e4lla omedelbart eller efter en \u00f6verg\u00e5ngsperiod.<\/li>\n<li>F\u00f6rordningarna tas upp f\u00f6r ompr\u00f6vning efter den tid som fastst\u00e4llts i dem.<\/li>\n<\/ol>\n<p>Beredningsprocessen tar sammanlagt ungef\u00e4r 55 m\u00e5nader.<\/p>\n","protected":false},"excerpt":{"rendered":"<p>Kommissionen uppr\u00e4ttar en arbetsplan f\u00f6r de produktgrupper som ska behandlas under de n\u00e4rmaste \u00e5ren. I arbetsplanen fastst\u00e4lls ocks\u00e5 vilka produktgrupper&#8230; <br \/><a class=\"moretag\" href=\"https:\/\/ekosuunnittelu.info\/sv\/beredningsprocess\/\">Lue lis\u00e4\u00e4<\/a><\/p>\n","protected":false},"author":2,"featured_media":0,"parent":0,"menu_order":0,"comment_status":"open","ping_status":"open","template":"","meta":{"_acf_changed":false,"footnotes":""},"class_list":["post-1665","page","type-page","status-publish","hentry"],"acf":[],"_links":{"self":[{"href":"https:\/\/ekosuunnittelu.info\/sv\/wp-json\/wp\/v2\/pages\/1665","targetHints":{"allow":["GET"]}}],"collection":[{"href":"https:\/\/ekosuunnittelu.info\/sv\/wp-json\/wp\/v2\/pages"}],"about":[{"href":"https:\/\/ekosuunnittelu.info\/sv\/wp-json\/wp\/v2\/types\/page"}],"author":[{"embeddable":true,"href":"https:\/\/ekosuunnittelu.info\/sv\/wp-json\/wp\/v2\/users\/2"}],"replies":[{"embeddable":true,"href":"https:\/\/ekosuunnittelu.info\/sv\/wp-json\/wp\/v2\/comments?post=1665"}],"version-history":[{"count":2,"href":"https:\/\/ekosuunnittelu.info\/sv\/wp-json\/wp\/v2\/pages\/1665\/revisions"}],"predecessor-version":[{"id":1667,"href":"https:\/\/ekosuunnittelu.info\/sv\/wp-json\/wp\/v2\/pages\/1665\/revisions\/1667"}],"wp:attachment":[{"href":"https:\/\/ekosuunnittelu.info\/sv\/wp-json\/wp\/v2\/media?parent=1665"}],"curies":[{"name":"wp","href":"https:\/\/api.w.org\/{rel}","templated":true}]}}