{"id":1658,"date":"2016-09-07T10:11:50","date_gmt":"2016-09-07T07:11:50","guid":{"rendered":"http:\/\/ekosuunnittelu.info\/sv\/?page_id=1658"},"modified":"2025-03-18T14:13:36","modified_gmt":"2025-03-18T12:13:36","slug":"fragor-och-svar","status":"publish","type":"page","link":"https:\/\/ekosuunnittelu.info\/sv\/fragor-och-svar\/","title":{"rendered":"Fr\u00e5gor och svar"},"content":{"rendered":"<p><a href=\"#1PER\">Motiveringar och bakgrund<\/a><\/p>\n<ul>\n<li>Vad avses med f\u00f6rordningen om ekodesign?<\/li>\n<li>Vad \u00e4r energim\u00e4rkningsf\u00f6rordning?<\/li>\n<li>Vad \u00e4r syftet med dessa regler?<\/li>\n<li>P\u00e5 vilket s\u00e4tt anknyter ekodesigndirektivet till energim\u00e4rkning?<\/li>\n<li>Vad skillnaden mellan kraven p\u00e5 ekodesign och frivillig ekom\u00e4rkning, som EU:s ekoblomma eller Energy Star?<\/li>\n<li>Vilka krav st\u00e4ller energim\u00e4rkningsf\u00f6rordning?<\/li>\n<li>Finns det nationella avvikelser till direktiven?<\/li>\n<li>P\u00e5 vilket s\u00e4tt kan jag inverka p\u00e5 inneh\u00e5llet i genomf\u00f6randebest\u00e4mmelserna?<\/li>\n<\/ul>\n<p><a href=\"#2TUO\">Produkter<\/a><\/p>\n<ul>\n<li>Vilka produkter omfattas av ekodesigndirektivet?<\/li>\n<li>G\u00e4ller kraven ocks\u00e5 min produkt?<\/li>\n<li>Omfattas begagnade produkter av ekodesignkraven?<\/li>\n<li>Min produkt installeras i ett fordon som \u00e4r avsett f\u00f6r person- eller varutransport. Ska den ocks\u00e5 uppfylla kraven?<\/li>\n<li>I min produkt installeras en produkt som i sig omfattas av kraven p\u00e5 ekodesign (s.k. product in product). G\u00e4ller samma krav\u00a0\u00e4ven n\u00e4r den utg\u00f6r en del av slutproduktion och vem ansvarar f\u00f6r underenheten och slutprodukten?<\/li>\n<li>Forts\u00e4ttningsfr\u00e5ga: Vem har ansvaret f\u00f6r underenheten och slutprodukten?<\/li>\n<li>Om produkten tillverkas som enskilda exemplar med olika variationer enligt kundens \u00f6nskem\u00e5l, ska jag d\u00e5 g\u00f6ra en EU-f\u00f6rs\u00e4kran om \u00f6verensst\u00e4mmelse f\u00f6r varje enskild produkt?<\/li>\n<\/ul>\n<p><a href=\"#3VAA\">S\u00e4kerst\u00e4llande av produkt\u00f6verensst\u00e4mmelse<\/a><\/p>\n<ul>\n<li>Jag vill b\u00f6rja importera produkter, vad borde jag k\u00e4nna till?<\/li>\n<li>Vad avses med utsl\u00e4ppande p\u00e5 marknaden?<\/li>\n<li>Vem ansvarar f\u00f6r att kraven p\u00e5 energim\u00e4rkning uppfylls.<\/li>\n<li>Var hittar jag utskriftsfiler f\u00f6r energim\u00e4rken?<\/li>\n<li>P\u00e5 vilket s\u00e4tt anknyter ekodesigndirektivet till CE-m\u00e4rkning?<\/li>\n<li>Vad avses med EU-f\u00f6rs\u00e4kran om \u00f6verensst\u00e4mmelse?<\/li>\n<li>Vad \u00e4r tillr\u00e4ckligt bevis p\u00e5 produkt\u00f6verensst\u00e4mmelse?<\/li>\n<li>Vad \u00e4r p\u00e5f\u00f6ljderna f\u00f6r underl\u00e5telse att iaktta kraven?<\/li>\n<li>Varf\u00f6r beh\u00f6vs referensv\u00e4rden som till\u00e4mpas vid offentlig upphandling?<\/li>\n<\/ul>\n<h2><a id=\"1PER\"><\/a>Motiveringar och bakgrund<\/h2>\n<h3>Vad avses med f\u00f6rordningen om ekodesign?<\/h3>\n<p><a href=\"https:\/\/eur-lex.europa.eu\/legal-content\/SV\/TXT\/?uri=CELEX:32024R1781\">EU:s ekodesignf\u00f6rordning (EU) 2024\/1781<\/a> tr\u00e4dde i kraft i alla medlemsl\u00e4nder den 18 juli 2024. Syftet med f\u00f6rordningen \u00e4r att f\u00f6rb\u00e4ttra produkters milj\u00f6m\u00e4ssiga h\u00e5llbarhet s\u00e5 att milj\u00f6p\u00e5verkan fr\u00e5n produkter som sl\u00e4pps ut p\u00e5 EU-marknaden under hela deras livscykel blir s\u00e5 l\u00e5ga som m\u00f6jligt.<\/p>\n<p>Mer information finns p\u00e5 <a href=\"http:\/\/ekosuunnittelu.info\/sv\/ekodesign\/\">http:\/\/ekosuunnittelu.info\/sv\/ekodesign<\/a>\/<\/p>\n<h3>Vad \u00e4r energim\u00e4rkningsf\u00f6rordning?<\/h3>\n<p><a href=\"https:\/\/eur-lex.europa.eu\/legal-content\/SV\/TXT\/PDF\/?uri=CELEX:32017R1369&amp;qid=1571209769759&amp;from=EN\">Syftet med energim\u00e4rkningsf\u00f6rordning<\/a> (EU) 2017\/1369 \u00e4r att ge tillg\u00e5ng till j\u00e4mf\u00f6rbar information om den energi som en produkt anv\u00e4nder och p\u00e5 s\u00e5 s\u00e4tt p\u00e5verka slutanv\u00e4ndarens val. Energim\u00e4rkningsf\u00f6rordning \u00e4r ett ramf\u00f6rordning och med st\u00f6d av det antas produktgruppspecifika genomf\u00f6rande\u00e5tg\u00e4rder. I dessa definieras bland annat energim\u00e4rkets utformning, inneh\u00e5ll och principerna f\u00f6r ber\u00e4kning av energiklasser f\u00f6r varje ber\u00f6rd produktgrupp.<\/p>\n<p>Mer information finns p\u00e5 <a href=\"http:\/\/ekosuunnittelu.info\/sv\/energimarkning\/\">http:\/\/ekosuunnittelu.info\/sv\/energimarkning\/<\/a><\/p>\n<h3>Vad \u00e4r syftet med dessa regler?<\/h3>\n<p>F\u00f6r att gynna en h\u00e5llbar utveckling b\u00f6r produkters p\u00e5verkan p\u00e5 milj\u00f6n minskas. Detta kan uppn\u00e5s genom att minska deras energianv\u00e4ndning i drift och kartl\u00e4gga och minimera orsakerna till negativ milj\u00f6p\u00e5verkan redan i planeringsskedet. F\u00f6rb\u00e4ttringarna ska \u00e4nd\u00e5 inte orsaka orimliga kostnader eller f\u00f6rs\u00e4mra produktens funktion. Ekodesign skapar nya och konkreta m\u00f6jligheter f\u00f6r tillverkare, konsumenter och hela samh\u00e4llet. Energim\u00e4rkning \u00e4r ett s\u00e4tt att styra konsumenter till att k\u00f6pa energieffektiva produkter.<\/p>\n<h3>P\u00e5 vilket s\u00e4tt anknyter ekodesignf\u00f6rordningen till energim\u00e4rkning?<\/h3>\n<p>Energim\u00e4rkningen kompletterar ekodesignf\u00f6rordningen genom att den \u00e5sk\u00e5dligg\u00f6r den relativa energieffektiviteten hos produkter p\u00e5 marknaden. Med ekodesign ser man till att f\u00e5 bort de s\u00e4msta produkterna fr\u00e5n marknaden varefter energim\u00e4rkningen rangordnar de \u00e5terst\u00e5ende enligt energif\u00f6rbrukningen.<\/p>\n<h3>Vad \u00e4r skillnaden mellan kraven p\u00e5 ekodesign och frivillig ekom\u00e4rkning, som EU:s ekoblomma eller Energy Star?<\/h3>\n<p>Frivillig ekom\u00e4rkning ges till produkter som \u00e4r i topp klass i fr\u00e5ga om milj\u00f6skydd eller energieffektivitet. Deras tillverkare vill profilera sig bland konkurrenterna och attrahera milj\u00f6medvetna kunder. Kraven p\u00e5 ekodesign \u00e4r d\u00e4remot inte frivilliga, utan de tj\u00e4nar till att utesluta de produkter som \u00e4r s\u00e4mst f\u00f6r milj\u00f6n fr\u00e5n marknaden. En produkt m\u00e5ste uppfylla kraven p\u00e5 ekodesign f\u00f6r att den ska f\u00e5 saluf\u00f6ras.<\/p>\n<h3>Vilka krav st\u00e4ller energim\u00e4rkningsf\u00f6rordning?<\/h3>\n<p>En produkt uppfyller kraven enligt energim\u00e4rkningsf\u00f6rordning och den produktspecifika f\u00f6rordningen n\u00e4r den har energim\u00e4rkning enligt f\u00f6rordningen, den angivna energieffektivitetsklassen motsvara verkligheten och m\u00e4rkningen har f\u00e4sts p\u00e5 produkten p\u00e5 r\u00e4tt s\u00e4tt. Om reklamen f\u00f6r en produkt inneh\u00e5ller energirelaterad information eller prisinformation, ska den ocks\u00e5 inneh\u00e5lla en h\u00e4nvisning till produktens energieffektivitetsklass. Det finns ocks\u00e5 krav p\u00e5 den information som l\u00e4mnas vid distansf\u00f6rs\u00e4ljning eller i webbutiker.<\/p>\n<h3>Finns det nationella avvikelser till f\u00f6rordning?<\/h3>\n<p>Nej. Det viktigaste syftet med f\u00f6rordning \u00e4r att gynna EU:s inre marknad. Med andra ord g\u00e4ller samma krav och niv\u00e5gr\u00e4nser f\u00f6r alla EU-l\u00e4nder utan undantag.<\/p>\n<h3>P\u00e5 vilket s\u00e4tt kan jag inverka p\u00e5 inneh\u00e5llet i genomf\u00f6randebest\u00e4mmelserna?<\/h3>\n<p>F\u00f6retag kan inverka antingen genom finska myndigheter eller sina intresseorganisationer som f\u00e5r uttala sig n\u00e4r best\u00e4mmelserna bereds. Aktiva medborgare kan ut\u00f6va direkt p\u00e5verkan p\u00e5 finl\u00e4ndska myndigheter eller indirekt till exempel via milj\u00f6organisationer eller konsumentorganisationer. Alla genomf\u00f6randebest\u00e4mmelser ska ses \u00f6ver cirka fem \u00e5r efter att de f\u00f6rsta kraven tr\u00e4tt i kraft, och p\u00e5 s\u00e5 s\u00e4tt kan man ocks\u00e5 p\u00e5verka de produktgrupper som redan omfattas av kraven.<\/p>\n<hr \/>\n<h2><a id=\"2TUO\"><\/a>Produkter<\/h2>\n<h3>Vilka produkter omfattas av ekodesignf\u00f6rorning?<\/h3>\n<p>En f\u00f6rteckning \u00f6ver de produktgrupper som redan omfattas av krav finns p\u00e5 sidan <a href=\"https:\/\/ekosuunnittelu.info\/sv\/produktkrav\/\">Produktgrupper<\/a>. Ett gemensamt drag f\u00f6r de valda produktgrupperna \u00e4r att de har konstaterats ha betydande p\u00e5verkan p\u00e5 milj\u00f6n (ofta stor energif\u00f6rbrukning) och att det \u00e4r m\u00f6jligt att uppn\u00e5 f\u00f6rb\u00e4ttringar.<\/p>\n<h3>G\u00e4ller kraven ocks\u00e5 min produkt?<\/h3>\n<p>Lagstiftningen \u00e4ndras hela tiden, nya krav tillkommer och gamla krav revideras. D\u00e4rf\u00f6r fr\u00e5gas det ofta om kraven g\u00e4ller just min produkt. Svaret beror p\u00e5 tv\u00e5 faktorer: n\u00e4r produkten har sl\u00e4ppts ut p\u00e5 marknaden och om den omfattas av f\u00f6rordningens till\u00e4mpningsomr\u00e5de. Hurdana produkter som omfattas eller inte omfattas av till\u00e4mpningsomr\u00e5det definieras i direktiven och f\u00f6rordningarna. Dessa avgr\u00e4nsningar beskrivs p\u00e5 denna webbplats under de produktspecifika kraven. F\u00f6r att underl\u00e4tta tolkningen har kommissionen ocks\u00e5 tagit fram FAQ-dokument d\u00e4r kraven beskrivs mer ing\u00e5ende. \u00c4ven marknads\u00f6vervakningsmyndigheten Tukes ger tolkningshj\u00e4lp.<\/p>\n<h3>Omfattas begagnade produkter av ekodesignkraven?<\/h3>\n<p>I regel inte. Ekodesigndirektivet och de produktspecifika f\u00f6rordningar som utf\u00e4rdats med st\u00f6d av direktivet g\u00e4ller utsl\u00e4ppande av produkter p\u00e5 marknaden. Med utsl\u00e4ppande p\u00e5 marknaden avses tillhandah\u00e5llandet av en produkt f\u00f6r f\u00f6rsta g\u00e5ngen p\u00e5 unionsmarknaden. De v\u00e4sentliga punkterna med avseende p\u00e5 begagnade produkter \u00e4r \u201df\u00f6r f\u00f6rsta g\u00e5ngen\u201d och &#8221;tillhandah\u00e5llande p\u00e5 unionsmarknaden\u201d. Ocks\u00e5 om en produkt repareras s\u00e5 att den kan tolkas som en ny produkt (exempelvis om den har betydligt b\u00e4ttre egenskaper \u00e4n i originalskick) s\u00e5 g\u00e4ller de nya kraven \u00e4ven den.<\/p>\n<p>En begagnad produkt tillhandlah\u00e5lls f\u00f6r andra g\u00e5ngen p\u00e5 marknaden, s\u00e5 f\u00f6rs\u00e4ljning eller annat tillhandlah\u00e5llande av den h\u00e4r begagnad produkten\u00a0 p\u00e5 unionsmarknaden \u00e4r inte utsl\u00e4ppande p\u00e5 marknaden. Kraven p\u00e5 ekodesign g\u00e4ller med andra ord inte begagnade produkter. Om produkten d\u00e4remot ursprungligen har sl\u00e4ppts ut p\u00e5 marknaden utanf\u00f6r EU och sedan importerats till EU \u00e4r det fr\u00e5ga om tillhandlah\u00e5llande av den begagnade produkten f\u00f6r f\u00f6rsta g\u00e5ngen p\u00e5 unionsmarknaden och d\u00e4rmed omfattas produkten ocks\u00e5 av kraven p\u00e5 ekodesign. D\u00e4rf\u00f6r ska till exempel en antik kristallkrona som importeras fr\u00e5n USA uppfylla de nya EU-kraven. Om n\u00e5gon av de nuvarande EU-l\u00e4nderna inte h\u00f6rde till EU n\u00e4r produkten sl\u00e4pptes ut p\u00e5 marknaden f\u00f6r f\u00f6rsta g\u00e5ngen tolkas detta \u00e4nd\u00e5 s\u00e5 att produkten f\u00e5r s\u00e4ljas p\u00e5 nytt inom EU. I dylika fall likst\u00e4lls EU med EES-omr\u00e5det, med andra ord omfattar det ocks\u00e5 Norge och Island.<\/p>\n<h3>Min produkt installeras i ett fordon som \u00e4r avsett f\u00f6r person- eller varutransport. Ska den ocks\u00e5 uppfylla kraven?<\/h3>\n<p>Ekodesigndirektivet ska inte till\u00e4mpas p\u00e5 transportmedel f\u00f6r personer eller varor. I definitionen ing\u00e5r bilar och gaffeltruckar samt \u00e4ven husbilar och husvagnar. Om produkten inte kan anv\u00e4ndas i n\u00e5gonting annat \u00e4n i det aktuella transportmedlet, omfattas den inte av kraven p\u00e5 ekodesign.<\/p>\n<h3>I min produkt installeras en produkt som i sig omfattas av kraven p\u00e5 ekodesign (s.k. product in product). G\u00e4ller samma krav \u00e4ven n\u00e4r den ing\u00e5r i slutprodukten?<\/h3>\n<p>En del av ekodesignf\u00f6rordningarna g\u00e4ller produkter som kan installeras som en del av en annan produkt, som till exempel motorer och fl\u00e4ktar. Om dessa integrerade produkter kan testas f\u00f6r sig, omfattas de av samma krav p\u00e5 ekodesign som g\u00e4ller n\u00e4r produkterna s\u00e4ljs separat. Tillverkaren av den slutliga produkten ska s\u00e4kerst\u00e4lla produkt\u00f6verensst\u00e4mmelse och ekodesignf\u00f6rordningen f\u00f6r den integrerade produkten ska ocks\u00e5 n\u00e4mnas i EU-f\u00f6rs\u00e4kran om \u00f6verensst\u00e4mmelse. CE-m\u00e4rkning beh\u00f6vs endast f\u00f6r den huvudsakliga produkten.<\/p>\n<p>F\u00f6r vissa motorer g\u00e4ller att om produkten \u00e4r integrerad i en st\u00f6rre produkt (t.ex. en kompressor) och den inte kan l\u00f6sg\u00f6ras och testas separat, s\u00e5 omfattas dessa motorer inte av ekodesignf\u00f6rordningen.<\/p>\n<h3>Forts\u00e4ttningsfr\u00e5ga: Vem har ansvaret f\u00f6r underenheten och slutprodukten?<\/h3>\n<p>Kommissionen har slagit fast att den sista tillverkaren i produktens tillverkningskedja ska ansvara inf\u00f6r marknads\u00f6vervakningsmyndigheten f\u00f6r att kraven p\u00e5 ekodesign uppfylls.<\/p>\n<p>Om till exempel en elektrisk motor enligt f\u00f6rordning (EG) nr 640\/2009 installeras i en annan produkt, s\u00e5som en pump, \u00e4r det tillverkaren av hela enheten som ansvarar f\u00f6r att hela produkten, det vill s\u00e4ga b\u00e5de pumpen och motorn, uppfyller kraven p\u00e5 ekodesign. Kommissionen anser ocks\u00e5 att motorn i detta fall sl\u00e4pps ut p\u00e5 marknaden samtidigt med pumpen.<\/p>\n<h3>Om produkten tillverkas som enskilda exemplar med olika variationer enligt kundens \u00f6nskem\u00e5l, ska jag d\u00e5 g\u00f6ra en EU-f\u00f6rs\u00e4kran om \u00f6verensst\u00e4mmelse f\u00f6r varje enskild produkt?<\/h3>\n<p>En EU-f\u00f6rs\u00e4kran om \u00f6verensst\u00e4mmelse kan t\u00e4cka en hel produktfamilj, men d\u00e5 ska det tydligt framg\u00e5 av den vilka produktvarianter som ing\u00e5r. Den tekniska dokumentationen ska inneh\u00e5lla uppgifter om hur produkts\u00f6verensst\u00e4mmelsen har s\u00e4kerst\u00e4llts f\u00f6r de olika modellerna. Till exempel i fr\u00e5ga om datorer om en modell sl\u00e4pps ut p\u00e5 marknaden i flera olika utf\u00f6randen kan obligatorisk produktdata uppges en g\u00e5ng f\u00f6r hela produktklassen s\u00e5 att man f\u00f6r varje produktklass v\u00e4ljer den upps\u00e4ttning d\u00e4r effektbehovet \u00e4r st\u00f6rst.<\/p>\n<hr \/>\n<h2><a id=\"3VAA\"><\/a>S\u00e4kerst\u00e4llande av produkt\u00f6verensst\u00e4mmelse<\/h2>\n<h3>Jag vill b\u00f6rja importera produkter, vad borde jag k\u00e4nna till?<\/h3>\n<p>Import\u00f6ren, distribut\u00f6ren och \u00e5terf\u00f6rs\u00e4ljaren ansvarar f\u00f6r att de produkter som importeras och s\u00e4ljs uppfyller alla de krav som st\u00e4llts p\u00e5 produkterna. Det finns f\u00f6rordningar om s\u00e5v\u00e4l tekniska krav (s\u00e4kerhet, energif\u00f6rbrukning, kemikalier i produkten osv.), m\u00e4rkningar och dokumentation. Det \u00e4r med andra ord mycket som man ska k\u00e4nna till. Om du ska importera elektriska apparater kan du b\u00f6rja med att l\u00e4sa t.ex. <a href=\"https:\/\/tukes.fi\/documents\/5470659\/6410605\/Tillverkning%2C+import+och+f%C3%B6rs%C3%A4ljning+av+elektriska+produkter\/c612ecca-7f9a-42fd-8b4a-521c36c83327\/Tillverkning%2C+import+och+f%C3%B6rs%C3%A4ljning+av+elektriska+produkter.pdf\">Tukes handledning<\/a>.<\/p>\n<h3>Vad avses med utsl\u00e4ppande p\u00e5 marknaden?<\/h3>\n<p>Utsl\u00e4ppande p\u00e5 marknaden avser f\u00f6rsta g\u00e5ngen d\u00e5 en fysisk produkt g\u00f6rs tillg\u00e4nglig p\u00e5 unionsmarknaden. Mer information finns <a href=\"http:\/\/ekosuunnittelu.info\/sv\/produktoverensstammelse\/utslappande-pa-marknaden-och-ibruktagande\/\">h\u00e4r<\/a>.<\/p>\n<h3>Vem ansvarar f\u00f6r att kraven p\u00e5 ekodesign uppfylls?<\/h3>\n<p>Alla i akt\u00f6rskedjan har sin egen roll n\u00e4r det g\u00e4ller att s\u00e4kerst\u00e4lla produktens \u00f6verensst\u00e4mmelse med kraven. I princip \u00e4r det den verksamhetsut\u00f6vare som tillg\u00e4ngligg\u00f6r produkten p\u00e5 marknaden inom EU som har ansvaret. Det kan med andra ord vara fr\u00e5ga om tillverkaren, tillverkarens representant eller import\u00f6ren. N\u00e4r det g\u00e4ller produkter som tillverkas utanf\u00f6r EU finns det alltid n\u00e5gon som tillg\u00e4ngligg\u00f6r produkten p\u00e5 unionsmarknaden.<\/p>\n<p>I praktiken \u00e4r marknads\u00f6vervakningsmyndigheten en nationell myndighet som i Finland kan fatta beslut endast om akt\u00f6rerna p\u00e5 den egna marknaden. Marknads\u00f6vervakningsmyndigheten riktar allts\u00e5 sina \u00e5tg\u00e4rder p\u00e5 den verksamhetsut\u00f6vare som har tillg\u00e4ngliggjort den elektriska apparaten p\u00e5 marknaden i Finland. Alla verksamhetsut\u00f6vare kan bli f\u00f6rem\u00e5l f\u00f6r marknads\u00f6vervaknings\u00e5tg\u00e4rder.<\/p>\n<h3>Vem ansvarar f\u00f6r att kraven p\u00e5 energim\u00e4rkning uppfylls?<\/h3>\n<p>Det st\u00e4lls krav p\u00e5 b\u00e5de leverant\u00f6ren och \u00e5terf\u00f6rs\u00e4ljaren av en produkt. Leverant\u00f6ren ska anbringa energim\u00e4rkning som inneh\u00e5ller de riktiga uppgifterna och till sitt utseende motsvarar de kriterier som fastst\u00e4llts i f\u00f6rordningarna. \u00c5terf\u00f6rs\u00e4ljaren ska h\u00e5lla energim\u00e4rkningen synlig p\u00e5 beh\u00f6rigt s\u00e4tt s\u00e5 att konsumenten kan ta del av den f\u00f6re k\u00f6pbeslutet. Hur energim\u00e4rkningen ska h\u00e5llas synlig f\u00f6r olika produktgrupper fastst\u00e4lls i de relevanta f\u00f6rordningarna.<\/p>\n<h3>Var hittar jag utskriftsfiler f\u00f6r energim\u00e4rken?<\/h3>\n<p>Filerna finns <a href=\"https:\/\/energy.ec.europa.eu\/topics\/energy-efficiency\/energy-label-and-ecodesign\/energy-label-templates_en\">h\u00e4r<\/a>.<\/p>\n<h3>P\u00e5 vilket s\u00e4tt anknyter ekodesigndirektivet till CE-m\u00e4rkning?<\/h3>\n<p>CE-m\u00e4rkning som tillverkaren eller dennes representant anbringar p\u00e5 en produkt visar att produkten uppfyller g\u00e4llande krav och direktiv. CE-m\u00e4rkning anv\u00e4nds f\u00f6r att visa att produkten ocks\u00e5 uppfyller kraven enligt ekodesigndirektivet.<\/p>\n<h3>Vad avses med EU-f\u00f6rs\u00e4kran om \u00f6verensst\u00e4mmelse?<\/h3>\n<p>Med EU-f\u00f6rs\u00e4kran om \u00f6verensst\u00e4mmelse f\u00f6rs\u00e4krar tillverkaren att produkten uppfyller kraven i de relevanta direktiv som f\u00f6ruts\u00e4tter CE-m\u00e4rkning. EU-f\u00f6rs\u00e4kran om \u00f6verensst\u00e4mmelse ska uppr\u00e4ttas f\u00f6r produkter som sl\u00e4pps ut p\u00e5 unionsmarknaden varefter tillverkaren kan f\u00e4sta CE-m\u00e4rke p\u00e5 produkten. EU-f\u00f6rs\u00e4kran om \u00f6verensst\u00e4mmelse inneh\u00e5ller bland annat en lista p\u00e5 de direktiv vars krav produkten ska uppfylla. Mer information om EU-f\u00f6rs\u00e4kran om \u00f6verensst\u00e4mmelse finns <a href=\"http:\/\/ekosuunnittelu.info\/sv\/produktoverensstammelse\/eu-forsakran-om-overensstammelse-och-andra-dokument\/\">h\u00e4r<\/a>.<\/p>\n<h3>Vad \u00e4r tillr\u00e4ckligt bevis p\u00e5 produkt\u00f6verensst\u00e4mmelse?<\/h3>\n<p>Tillverkaren eller import\u00f6ren ska p\u00e5visa att produkten uppfyller de krav p\u00e5 ekodesign som fastst\u00e4llts f\u00f6r den. Det sker med hj\u00e4lp av teknisk dokumentation som ska inneh\u00e5lla f\u00f6ljande information:<\/p>\n<ul>\n<li>en allm\u00e4n beskrivning av den energianv\u00e4ndande produkten och dess avsedda anv\u00e4ndning<\/li>\n<li>resultaten av relevanta milj\u00f6bed\u00f6mningsstudier som utf\u00f6rts av tillverkaren eller h\u00e4nvisningar till litteratur om milj\u00f6bed\u00f6mningar eller studier som anv\u00e4nds av tillverkaren vid utv\u00e4rdering, dokumentation och fastst\u00e4llande av olika l\u00f6sningar f\u00f6r produktdesignen<\/li>\n<li>den energianv\u00e4ndande produktens ekologiska profil om den kr\u00e4vs (i de produktgruppspecifika krav som tr\u00e4tt i kraft hittills finns inte detta krav)<\/li>\n<li>resultaten av m\u00e4tningarna f\u00f6r ekodesign och deras \u00f6verensst\u00e4mmelse med de kriterier som anges i genomf\u00f6rande\u00e5tg\u00e4rden. Detta uppn\u00e5s enklast med hj\u00e4lp av harmoniserade standarder \u00f6ver vilka en f\u00f6rteckning ska fogas till den tekniska dokumentationen<\/li>\n<li>en kopia av de uppgifter som r\u00f6r produktens milj\u00f6m\u00e4ssiga designaspekter som ska l\u00e4mnas i enlighet med kraven i genomf\u00f6rande\u00e5tg\u00e4rden.<\/li>\n<\/ul>\n<p>Dessutom kan de produktgruppspecifika f\u00f6rordningarna inneh\u00e5lla krav p\u00e5 ytterligare information om produkt\u00f6verensst\u00e4mmelse. Produkten kan ges CE-m\u00e4rkning n\u00e4r produkt\u00f6verensst\u00e4mmelsen har p\u00e5visats. Observera att f\u00f6r CE-m\u00e4rkning av elektriska apparater kr\u00e4vs att ocks\u00e5 l\u00e5gsp\u00e4nningsdirektivet (LVD), <a href=\"http:\/\/eur-lex.europa.eu\/LexUriServ\/LexUriServ.do?uri=OJ:L:2004:390:0024:0037:SV:PDF\">direktivet om elektromagnetisk kompatibilitet<\/a> (EMC) och direktivet om farliga \u00e4mnen (RoHS) iakttas.<\/p>\n<h3>Vad \u00e4r p\u00e5f\u00f6ljderna f\u00f6r underl\u00e5telse att iaktta kraven?<\/h3>\n<p>I Finland \u00f6vervakar <a href=\"http:\/\/www.tukes.fi\/sv\/\">S\u00e4kerhets- och kemikalieverket<\/a> (Tukes) de produkter p\u00e5 marknaden som omfattas av krav p\u00e5 ekodesign. Beroende p\u00e5 det enskilda fallet kan p\u00e5f\u00f6ljden f\u00f6r en produkt som inte \u00f6verensst\u00e4mmer med kraven vara skriftlig anm\u00e4rkning, f\u00f6rs\u00e4ljningsf\u00f6rbud eller f\u00f6reskrift att dra tillbaka produkten fr\u00e5n marknaden. I den skriftliga anm\u00e4rkningen uppmanas verksamhetsut\u00f6varen att korrigera bristen. F\u00f6rs\u00e4ljningsf\u00f6rbud inneb\u00e4r att nya partier av produkten inte f\u00e5r levereras till \u00e5terf\u00f6rs\u00e4ljarna. F\u00f6reskrift att dra tillbaka produkten betyder att f\u00f6rs\u00e4ljning och annan \u00f6verl\u00e5telse av produkten ska avbrytas omedelbart och verksamhetsut\u00f6varen ska samla in os\u00e5lda produkter som finns hos distribut\u00f6rerna.<\/p>\n<p>Om det konstateras att produkten inte \u00f6verensst\u00e4mmer med kraven och man blir tvungen att begr\u00e4nsa dess tillg\u00e4nglighet p\u00e5 marknaden, debiteras de kostnader som uppkommit till f\u00f6ljd av inf\u00f6rskaffande och testning av produkten av den verksamhetsut\u00f6vare som \u00e4r ansvarig f\u00f6r produkten.\u00a0 \u00d6vervaknings\u00e5tg\u00e4rder kan \u00e5tf\u00f6ljas av vite.<\/p>\n<p>Tukes fokuserar p\u00e5 potentiella risker, och en metod \u00e4r att testa produkter fr\u00e5n s\u00e5dana tillverkare i vars produkter man tidigare har uppdagat brister.<\/p>\n<h3><strong>Varf\u00f6r beh\u00f6vs referensv\u00e4rden som till\u00e4mpas vid offentlig upphandling?<\/strong><\/h3>\n<p>Med referensv\u00e4rden som till\u00e4mpas vid offentlig upphandling avses den b\u00e4sta tekniken p\u00e5 marknaden i fr\u00e5ga om produktens energif\u00f6rbrukning och eventuella andra centrala egenskaper och som definieras i den produktgruppspecifika f\u00f6rordningen om ekodesign. Referensv\u00e4rdena har betydelse vid iakttagandet av skyldigheterna vid offentliga upphandlingar enligt 5 a kap. i <a href=\"https:\/\/www.finlex.fi\/sv\/laki\/ajantasa\/2014\/20141429\">energieffektivitetslagen (1429\/2014)<\/a>.<\/p>\n<p>Enligt energieffektivitetslagen f\u00e5r en centralf\u00f6rvaltningsmyndighet under vissa f\u00f6ruts\u00e4ttningar enbart upphandla produkter som motsvarar referensv\u00e4rdena f\u00f6r energieffektivitet, om det f\u00f6r produkten st\u00e4lls krav p\u00e5 energieffektivitet i den produktgruppspecifika f\u00f6rordningen om ekodesign. Om produkten d\u00e4remot \u00e4r f\u00f6rsedd med energim\u00e4rkning, f\u00e5r centralf\u00f6rvaltningsmyndigheten enbart upphandla produkter som tillh\u00f6r den h\u00f6gsta m\u00f6jliga energieffektivitetsklassen.<\/p>\n<hr \/>\n<p>Mer fr\u00e5gor och svar finns i kommissionens <a href=\"http:\/\/ec.europa.eu\/DocsRoom\/documents\/15626\/attachments\/1\/translations\/\">FAQ-dokument<\/a> (p\u00e5 engelska). I det finns samlat b\u00e5de allm\u00e4nna fr\u00e5gor och fr\u00e5gor om de produktspecifika f\u00f6rordningarna.<\/p>\n","protected":false},"excerpt":{"rendered":"<p>Motiveringar och bakgrund Vad avses med f\u00f6rordningen om ekodesign? Vad \u00e4r energim\u00e4rkningsf\u00f6rordning? Vad \u00e4r syftet med dessa regler? P\u00e5 vilket&#8230; <br \/><a class=\"moretag\" href=\"https:\/\/ekosuunnittelu.info\/sv\/fragor-och-svar\/\">Lue lis\u00e4\u00e4<\/a><\/p>\n","protected":false},"author":2,"featured_media":0,"parent":0,"menu_order":0,"comment_status":"open","ping_status":"open","template":"","meta":{"_acf_changed":false,"footnotes":""},"class_list":["post-1658","page","type-page","status-publish","hentry"],"acf":[],"_links":{"self":[{"href":"https:\/\/ekosuunnittelu.info\/sv\/wp-json\/wp\/v2\/pages\/1658","targetHints":{"allow":["GET"]}}],"collection":[{"href":"https:\/\/ekosuunnittelu.info\/sv\/wp-json\/wp\/v2\/pages"}],"about":[{"href":"https:\/\/ekosuunnittelu.info\/sv\/wp-json\/wp\/v2\/types\/page"}],"author":[{"embeddable":true,"href":"https:\/\/ekosuunnittelu.info\/sv\/wp-json\/wp\/v2\/users\/2"}],"replies":[{"embeddable":true,"href":"https:\/\/ekosuunnittelu.info\/sv\/wp-json\/wp\/v2\/comments?post=1658"}],"version-history":[{"count":13,"href":"https:\/\/ekosuunnittelu.info\/sv\/wp-json\/wp\/v2\/pages\/1658\/revisions"}],"predecessor-version":[{"id":5808,"href":"https:\/\/ekosuunnittelu.info\/sv\/wp-json\/wp\/v2\/pages\/1658\/revisions\/5808"}],"wp:attachment":[{"href":"https:\/\/ekosuunnittelu.info\/sv\/wp-json\/wp\/v2\/media?parent=1658"}],"curies":[{"name":"wp","href":"https:\/\/api.w.org\/{rel}","templated":true}]}}