{"id":1656,"date":"2016-09-06T11:36:16","date_gmt":"2016-09-06T08:36:16","guid":{"rendered":"http:\/\/ekosuunnittelu.info\/sv\/?page_id=1656"},"modified":"2016-09-07T11:26:38","modified_gmt":"2016-09-07T08:26:38","slug":"marknadsovervakning","status":"publish","type":"page","link":"https:\/\/ekosuunnittelu.info\/sv\/produktoverensstammelse\/marknadsovervakning\/","title":{"rendered":"Marknads\u00f6vervakning"},"content":{"rendered":"<p>Med <strong>marknads\u00f6vervakning avses<\/strong> verksamhet f\u00f6r att s\u00e4kerst\u00e4lla att de produkter som finns p\u00e5 marknaden \u00f6verensst\u00e4mmer med kraven. Marknads\u00f6vervakningen \u00e4r efterhandskontroll av marknaden och baserar sig p\u00e5 riskbed\u00f6mning. Genom marknads\u00f6vervakning f\u00f6rs\u00f6ker man f\u00e5 bort de produkter fr\u00e5n marknaden f\u00f6r vilka verksamhetsut\u00f6varens egenkontroll har misslyckats. N\u00e4rmare best\u00e4mt str\u00e4var man genom marknads\u00f6vervakning efter att<\/p>\n<ul>\n<li><em>de produkter som sl\u00e4ppts ut p\u00e5 marknaden (\u00e4ven utanf\u00f6r EU-omr\u00e5det) \u00e4r s\u00e4kra och uppfyller de krav som lagstiftningen st\u00e4ller<\/em><\/li>\n<li><em>CE-m\u00e4rkningen har f\u00e4sts p\u00e5 produkten p\u00e5 ett lagligt s\u00e4tt<\/em><\/li>\n<li><em>EU-lagstiftningen verkst\u00e4lls p\u00e5 ett konsekvent och likv\u00e4rdigt s\u00e4tt (likv\u00e4rdiga betingelser i verksamhetsmilj\u00f6n f\u00f6r\u00a0verksamhetsut\u00f6vare och reducering av bedr\u00e4gerier).<\/em><\/li>\n<\/ul>\n<p><a href=\"http:\/\/www.tukes.fi\/sv\/\">S\u00e4kerhets- och kemikalieverket (Tukes)<\/a>\u00a0svarar f\u00f6r marknadskontrollen i anslutning till ekodesign- och energim\u00e4rkningsdirektiven. Tukes samarbetar med Tullen och kan redan vid f\u00f6rtullningen \u00f6vervaka om produkterna \u00f6verensst\u00e4mmer med kraven.<\/p>\n<p>Tukes g\u00f6r kontrollbes\u00f6k hos aff\u00e4rer som s\u00e4ljer produkter samt i import\u00f6rernas och tillverkarnas lokaliteter. I samband med kontrollbes\u00f6ken kan man f\u00f6r n\u00e4rmare granskning och testning inf\u00f6rskaffa produkter, vilkas s\u00e4kerhet och \u00f6verensst\u00e4mmelse med kraven man vill s\u00e4kerst\u00e4lla. Tukes kan \u00e4ven be verksamhetsut\u00f6varen l\u00e4mna in produktens dokument f\u00f6r granskning. Vid behov l\u00e5ter Tukes testa produkterna vid testinstitut. Om det konstateras att produkten inte \u00f6verensst\u00e4mmer med kraven (och man blir tvungen att begr\u00e4nsa dess tillg\u00e4nglighet p\u00e5 marknaden,) debiteras de kostnader som uppkommit till f\u00f6ljd av inf\u00f6rskaffande och testning av produkten av den verksamhetsut\u00f6vare som \u00e4r ansvarig f\u00f6r produkten.<\/p>\n<p>Myndigheterna uppr\u00e4tth\u00e5ller b\u00e5de nationella och europeiska marknads\u00f6vervakningsregister \u00f6ver de produkter som har kontrollerats. Tillsynsmyndigheterna i EU-l\u00e4nderna samarbetar intensivt f\u00f6r att utveckla informationsutbyte, marknads\u00f6vervakning och forskning. Tillsynsmyndigheterna f\u00e5r anm\u00e4lningar om produkter som i n\u00e5gon medlemsstat har konstaterats vara farlig eller inte \u00f6verensst\u00e4mma med kraven.<\/p>\n<p>Tukes marknads\u00f6vervakningsregister finns p\u00e5 <a href=\"http:\/\/marek.tukes.fi\">marek.tukes.fi<\/a><\/p>\n<p>Det europeiska marknads\u00f6vervakningsregistret finns p\u00e5 <a href=\"http:\/\/www.icsms.org\">www.icsms.org<\/a><\/p>\n<p>och EU:s RAPEX-system p\u00e5 <a href=\"http:\/\/ec.europa.eu\/rapex\">ec.europa.eu\/rapex<\/a><\/p>\n","protected":false},"excerpt":{"rendered":"<p>Med marknads\u00f6vervakning avses verksamhet f\u00f6r att s\u00e4kerst\u00e4lla att de produkter som finns p\u00e5 marknaden \u00f6verensst\u00e4mmer med kraven. Marknads\u00f6vervakningen \u00e4r efterhandskontroll&#8230; <br \/><a class=\"moretag\" href=\"https:\/\/ekosuunnittelu.info\/sv\/produktoverensstammelse\/marknadsovervakning\/\">Lue lis\u00e4\u00e4<\/a><\/p>\n","protected":false},"author":2,"featured_media":0,"parent":1637,"menu_order":5,"comment_status":"closed","ping_status":"closed","template":"","meta":{"_acf_changed":false,"footnotes":""},"class_list":["post-1656","page","type-page","status-publish","hentry"],"acf":[],"_links":{"self":[{"href":"https:\/\/ekosuunnittelu.info\/sv\/wp-json\/wp\/v2\/pages\/1656","targetHints":{"allow":["GET"]}}],"collection":[{"href":"https:\/\/ekosuunnittelu.info\/sv\/wp-json\/wp\/v2\/pages"}],"about":[{"href":"https:\/\/ekosuunnittelu.info\/sv\/wp-json\/wp\/v2\/types\/page"}],"author":[{"embeddable":true,"href":"https:\/\/ekosuunnittelu.info\/sv\/wp-json\/wp\/v2\/users\/2"}],"replies":[{"embeddable":true,"href":"https:\/\/ekosuunnittelu.info\/sv\/wp-json\/wp\/v2\/comments?post=1656"}],"version-history":[{"count":1,"href":"https:\/\/ekosuunnittelu.info\/sv\/wp-json\/wp\/v2\/pages\/1656\/revisions"}],"predecessor-version":[{"id":1657,"href":"https:\/\/ekosuunnittelu.info\/sv\/wp-json\/wp\/v2\/pages\/1656\/revisions\/1657"}],"up":[{"embeddable":true,"href":"https:\/\/ekosuunnittelu.info\/sv\/wp-json\/wp\/v2\/pages\/1637"}],"wp:attachment":[{"href":"https:\/\/ekosuunnittelu.info\/sv\/wp-json\/wp\/v2\/media?parent=1656"}],"curies":[{"name":"wp","href":"https:\/\/api.w.org\/{rel}","templated":true}]}}