{"id":1653,"date":"2016-09-06T12:32:58","date_gmt":"2016-09-06T09:32:58","guid":{"rendered":"http:\/\/ekosuunnittelu.info\/sv\/?page_id=1653"},"modified":"2022-06-08T14:27:49","modified_gmt":"2022-06-08T11:27:49","slug":"eu-forsakran-om-overensstammelse-och-andra-dokument","status":"publish","type":"page","link":"https:\/\/ekosuunnittelu.info\/sv\/produktoverensstammelse\/eu-forsakran-om-overensstammelse-och-andra-dokument\/","title":{"rendered":"EU-f\u00f6rs\u00e4kran om \u00f6verensst\u00e4mmelse och andra dokument"},"content":{"rendered":"<p>Med EU-f\u00f6rs\u00e4kran om \u00f6verensst\u00e4mmelse f\u00f6rs\u00e4krar tillverkaren att produkten uppfyller kraven i de relevanta direktiv som f\u00f6ruts\u00e4tter CE-m\u00e4rkning. EU-f\u00f6rs\u00e4kran om \u00f6verensst\u00e4mmelse ska uppr\u00e4ttas f\u00f6r produkter som sl\u00e4pps ut p\u00e5 unionsmarknaden varefter tillverkaren kan f\u00e4sta CE-m\u00e4rket p\u00e5 produkten.<\/p>\n<p>EU-f\u00f6rs\u00e4kran om \u00f6verensst\u00e4mmelse ska \u00f6vers\u00e4ttas till det eller de spr\u00e5k som den medlemsstat kr\u00e4ver beroende p\u00e5 vilken marknad den produkten sl\u00e4pps ut eller g\u00f6rs tillg\u00e4nglig. I Finland ska EU-f\u00f6rs\u00e4kran om \u00f6verensst\u00e4mmelse vara p\u00e5 finska, svenska eller engelska.<\/p>\n<p>EU-f\u00f6rs\u00e4kran om \u00f6verensst\u00e4mmelse ska inneh\u00e5lla \u00e5tminstone f\u00f6ljande uppgifter:<\/p>\n<ul>\n<li>tillverkarens namn och adress<\/li>\n<li>vid behov tillverkarens representants namn och adress inom EU<\/li>\n<li>intygande om att EU-f\u00f6rs\u00e4kran om \u00f6verensst\u00e4mmelse har utf\u00e4rdats p\u00e5 tillverkarens eget ansvar<\/li>\n<li>beskrivning av den elektriska produkten och identifikationsuppgifter (ett fotografi kan bifogas)<\/li>\n<li>h\u00e4nvisning till alla till\u00e4mpade direktiv.\u00a0<em><strong>Obs! Om produkten omfattas av ekodesigndirektivet ska h\u00e4nvisning ocks\u00e5 g\u00f6ras till den produktspecifika f\u00f6rordningen<\/strong><\/em><\/li>\n<li>h\u00e4nvisning till de relevanta harmoniserade standarder som anv\u00e4nts eller h\u00e4nvisning till de specifikationer enligt vilka \u00f6verensst\u00e4mmelsen f\u00f6rs\u00e4kras<\/li>\n<li>vid behov namnet p\u00e5 det anm\u00e4lda organet och dess nummer samt certifikatets nummer<\/li>\n<li>datum d\u00e5 f\u00f6rs\u00e4kran gavs<\/li>\n<li>identifikationsuppgifter f\u00f6r och underskrift av den person som har fullmakt att representera tillverkaren eller tillverkarens representant<\/li>\n<li>om l\u00e5gsp\u00e4nningsdirektivet till\u00e4mpas p\u00e5 produkten, anges de tv\u00e5 sista siffrorna i \u00e5rtalet f\u00f6r det \u00e5r d\u00e5 CE-m\u00e4rkningen anbringats.<\/li>\n<\/ul>\n<p>Exempel p\u00e5 en EU-f\u00f6rs\u00e4kran om \u00f6verensst\u00e4mmelse\u00a0finns p\u00e5 l\u00e4nk till <a href=\"https:\/\/tukes.fi\/sv\/produkter-och-tjanster\/produkternas-overensstammelse-med-kraven\">Tukes webbplats<\/a>.<\/p>\n<h3>Teknisk dokumentation<\/h3>\n<p>P\u00e5 basis av den tekniska dokumentationen som tillverkaren uppr\u00e4ttat ska man kunna bed\u00f6ma om produkten \u00f6verensst\u00e4mmer med de v\u00e4sentliga kraven. Dokumenten ska inneh\u00e5lla en relevant analys och bed\u00f6mning av de risker som h\u00e4nf\u00f6r sig till produkten. Dokumenten ska \u00e5terge produktens konstruktion, tillverkning och funktion i den m\u00e5n som det \u00e4r relevant f\u00f6r bed\u00f6mningen. Dokumenten ska \u00e5tminstone inneh\u00e5lla<\/p>\n<ul>\n<li>en beskrivning av produkten<\/li>\n<li>konstruktions- och tillverkningsritningar samt scheman \u00f6ver komponenter, kretsar etc.<\/li>\n<li>n\u00f6dv\u00e4ndiga beskrivningar och f\u00f6rklaringar f\u00f6r att man ska f\u00f6rst\u00e5 ritningar och scheman<\/li>\n<li>en lista \u00f6ver standarder som till\u00e4mpats helt eller delvis, samt beskrivningar av de metoder som anv\u00e4nts f\u00f6r att uppfylla kraven i direktivet n\u00e4r standarder inte har till\u00e4mpats: resultat fr\u00e5n konstruktionsber\u00e4kningar, utf\u00f6rda\u00a0granskningar etc.<\/li>\n<li>testrapporter och certifikat.<\/li>\n<\/ul>\n<p>De harmoniserade standarderna som h\u00e4nf\u00f6r sig till olika direktiv\u00a0finns p\u00e5 <a href=\"https:\/\/ec.europa.eu\/growth\/single-market\/european-standards\/harmonised-standards_hu\">ec.europa.eu\/enterprise\/policies\/european-standards\/harmonised-standards\/index_en.htm<\/a><\/p>\n<p>Standarder kan k\u00f6pas fr\u00e5n <a href=\"https:\/\/sfs.fi\/en\/\">Finlands Standardiseringsf\u00f6rbund SFS<\/a><\/p>\n<h3>Anvisningar<\/h3>\n<p>Olika slags anvisningar \u00e4r en v\u00e4sentlig del av en produkt samt dess s\u00e4kra och \u00e4ndam\u00e5lsenliga anv\u00e4ndning. De produkter som sl\u00e4pps ut p\u00e5 marknaden ska \u00e5tf\u00f6ljas av tydliga s\u00e4kerhets-, monterings- och underh\u00e5llsanvisningar s\u00e5 att det \u00e4r m\u00f6jligt att tryggt anv\u00e4nda produkterna f\u00f6r de \u00e4ndam\u00e5l och i de f\u00f6rh\u00e5llanden som de \u00e4r avsedda f\u00f6r. Om kraven p\u00e5 anvisningarnas inneh\u00e5ll och om att anvisningarna ska vara p\u00e5 finska och p\u00e5 svenska stadgas i ett flertal av Finlands lagar och f\u00f6rordningar. I de produktspecifika standarderna presenteras ofta detaljerade krav p\u00e5 de uppgifter, anvisningar och varningar som anvisningarna ska inneh\u00e5lla. Ekodesignf\u00f6rordningarna kan ocks\u00e5 inneh\u00e5lla motsvarande krav, som till exempel de kriterier f\u00f6r f\u00f6rpackningsm\u00e4rkningarna f\u00f6r lampor som angetts.<\/p>\n","protected":false},"excerpt":{"rendered":"<p>Med EU-f\u00f6rs\u00e4kran om \u00f6verensst\u00e4mmelse f\u00f6rs\u00e4krar tillverkaren att produkten uppfyller kraven i de relevanta direktiv som f\u00f6ruts\u00e4tter CE-m\u00e4rkning. EU-f\u00f6rs\u00e4kran om \u00f6verensst\u00e4mmelse&#8230; <br \/><a class=\"moretag\" href=\"https:\/\/ekosuunnittelu.info\/sv\/produktoverensstammelse\/eu-forsakran-om-overensstammelse-och-andra-dokument\/\">Lue lis\u00e4\u00e4<\/a><\/p>\n","protected":false},"author":2,"featured_media":0,"parent":1637,"menu_order":4,"comment_status":"closed","ping_status":"closed","template":"","meta":{"_acf_changed":false,"footnotes":""},"class_list":["post-1653","page","type-page","status-publish","hentry"],"acf":[],"_links":{"self":[{"href":"https:\/\/ekosuunnittelu.info\/sv\/wp-json\/wp\/v2\/pages\/1653","targetHints":{"allow":["GET"]}}],"collection":[{"href":"https:\/\/ekosuunnittelu.info\/sv\/wp-json\/wp\/v2\/pages"}],"about":[{"href":"https:\/\/ekosuunnittelu.info\/sv\/wp-json\/wp\/v2\/types\/page"}],"author":[{"embeddable":true,"href":"https:\/\/ekosuunnittelu.info\/sv\/wp-json\/wp\/v2\/users\/2"}],"replies":[{"embeddable":true,"href":"https:\/\/ekosuunnittelu.info\/sv\/wp-json\/wp\/v2\/comments?post=1653"}],"version-history":[{"count":4,"href":"https:\/\/ekosuunnittelu.info\/sv\/wp-json\/wp\/v2\/pages\/1653\/revisions"}],"predecessor-version":[{"id":4796,"href":"https:\/\/ekosuunnittelu.info\/sv\/wp-json\/wp\/v2\/pages\/1653\/revisions\/4796"}],"up":[{"embeddable":true,"href":"https:\/\/ekosuunnittelu.info\/sv\/wp-json\/wp\/v2\/pages\/1637"}],"wp:attachment":[{"href":"https:\/\/ekosuunnittelu.info\/sv\/wp-json\/wp\/v2\/media?parent=1653"}],"curies":[{"name":"wp","href":"https:\/\/api.w.org\/{rel}","templated":true}]}}