{"id":1648,"date":"2016-09-06T13:18:25","date_gmt":"2016-09-06T10:18:25","guid":{"rendered":"http:\/\/ekosuunnittelu.info\/sv\/?page_id=1648"},"modified":"2016-09-07T11:26:55","modified_gmt":"2016-09-07T08:26:55","slug":"ce-markning-och-andra-markningar","status":"publish","type":"page","link":"https:\/\/ekosuunnittelu.info\/sv\/produktoverensstammelse\/ce-markning-och-andra-markningar\/","title":{"rendered":"CE-m\u00e4rkning och andra m\u00e4rkningar"},"content":{"rendered":"<p><img loading=\"lazy\" decoding=\"async\" class=\"size-full wp-image-1649 alignleft\" src=\"http:\/\/ekosuunnittelu.info\/wp-content\/uploads\/2016\/09\/ce.png\" alt=\"ce\" width=\"221\" height=\"131\" \/>Med CE-m\u00e4rkningen garanterar tillverkaren att denne f\u00f6rs\u00e4krat sig om att produkten uppfyller de krav ang\u00e5ende s\u00e4kerhet, h\u00e4lsa, milj\u00f6, konsumentskydd och energieffektivitet som EU st\u00e4ller p\u00e5 den. CE-m\u00e4rkningen m\u00f6jligg\u00f6r produktens fria r\u00f6rlighet p\u00e5 unionsmarknaden. Det \u00e4r allts\u00e5 inte m\u00f6jligt att k\u00f6pa CE-m\u00e4rkning och m\u00e4rkningen \u00e4r inte ett tecken p\u00e5 myndighetsgodk\u00e4nnande.<\/p>\n<p>M\u00e5nga finl\u00e4ndska f\u00f6retag drar nytta av CE-m\u00e4rkningen, eftersom m\u00e4rkningen garanterar tilltr\u00e4de till de europeiska marknaderna f\u00f6r deras produkter. CE-m\u00e4rkningen ska anbringas p\u00e5 produkten eller dess m\u00e4rkskylt s\u00e5 att den \u00e4r synlig, l\u00e4tt l\u00e4sbar och outpl\u00e5nlig. Om detta inte \u00e4r m\u00f6jligt p\u00e5 grund av produktens karakt\u00e4r, ska den f\u00e4stas p\u00e5 f\u00f6rpackningen och p\u00e5 de medf\u00f6ljande dokumenten.<\/p>\n<p>F\u00f6rutom CE-m\u00e4rkningen s\u00e5 ska alla elektriska produkter vara f\u00f6rsedda med typ-, parti- eller serienummer varmed de kan identifieras. Om produktens storlek eller karakt\u00e4r utg\u00f6r ett hinder f\u00f6r detta, ska den information som kr\u00e4vs anges p\u00e5 f\u00f6rpackningen eller i de medf\u00f6ljande dokumenten. Tillverkaren ska uppge sitt namn, sitt registrerade produktnamn eller varum\u00e4rke och sin adress p\u00e5 produkten och om detta inte \u00e4r m\u00f6jligt, p\u00e5 produktens f\u00f6rpackning eller i medf\u00f6ljande dokument.<\/p>\n<p>Om produkten \u00e4r tillverkad utanf\u00f6r EU ska import\u00f6ren f\u00f6rs\u00e4kra sig om att tillverkaren har f\u00e4st de erfordrade m\u00e4rkningarna p\u00e5 produkten. Import\u00f6ren ska uppge sitt namn, sitt registrerade produktnamn eller varum\u00e4rke och sin adress p\u00e5 produkten och om detta inte \u00e4r m\u00f6jligt, p\u00e5 produktens f\u00f6rpackning eller i medf\u00f6ljande dokument. Om det finns begr\u00e4nsningar f\u00f6r i vilken milj\u00f6 den elektriska produkten f\u00e5r anv\u00e4ndas ska detta tydligt framg\u00e5 p\u00e5 produkten och vid behov ocks\u00e5 p\u00e5 f\u00f6rpackningen.<\/p>\n","protected":false},"excerpt":{"rendered":"<p>Med CE-m\u00e4rkningen garanterar tillverkaren att denne f\u00f6rs\u00e4krat sig om att produkten uppfyller de krav ang\u00e5ende s\u00e4kerhet, h\u00e4lsa, milj\u00f6, konsumentskydd och&#8230; <br \/><a class=\"moretag\" href=\"https:\/\/ekosuunnittelu.info\/sv\/produktoverensstammelse\/ce-markning-och-andra-markningar\/\">Lue lis\u00e4\u00e4<\/a><\/p>\n","protected":false},"author":2,"featured_media":0,"parent":1637,"menu_order":3,"comment_status":"closed","ping_status":"closed","template":"","meta":{"_acf_changed":false,"footnotes":""},"class_list":["post-1648","page","type-page","status-publish","hentry"],"acf":[],"_links":{"self":[{"href":"https:\/\/ekosuunnittelu.info\/sv\/wp-json\/wp\/v2\/pages\/1648","targetHints":{"allow":["GET"]}}],"collection":[{"href":"https:\/\/ekosuunnittelu.info\/sv\/wp-json\/wp\/v2\/pages"}],"about":[{"href":"https:\/\/ekosuunnittelu.info\/sv\/wp-json\/wp\/v2\/types\/page"}],"author":[{"embeddable":true,"href":"https:\/\/ekosuunnittelu.info\/sv\/wp-json\/wp\/v2\/users\/2"}],"replies":[{"embeddable":true,"href":"https:\/\/ekosuunnittelu.info\/sv\/wp-json\/wp\/v2\/comments?post=1648"}],"version-history":[{"count":2,"href":"https:\/\/ekosuunnittelu.info\/sv\/wp-json\/wp\/v2\/pages\/1648\/revisions"}],"predecessor-version":[{"id":1651,"href":"https:\/\/ekosuunnittelu.info\/sv\/wp-json\/wp\/v2\/pages\/1648\/revisions\/1651"}],"up":[{"embeddable":true,"href":"https:\/\/ekosuunnittelu.info\/sv\/wp-json\/wp\/v2\/pages\/1637"}],"wp:attachment":[{"href":"https:\/\/ekosuunnittelu.info\/sv\/wp-json\/wp\/v2\/media?parent=1648"}],"curies":[{"name":"wp","href":"https:\/\/api.w.org\/{rel}","templated":true}]}}