{"id":1646,"date":"2016-09-06T14:10:10","date_gmt":"2016-09-06T11:10:10","guid":{"rendered":"http:\/\/ekosuunnittelu.info\/sv\/?page_id=1646"},"modified":"2019-10-16T11:01:02","modified_gmt":"2019-10-16T08:01:02","slug":"aktorernas-roller-vad-ar-mitt-ansvar","status":"publish","type":"page","link":"https:\/\/ekosuunnittelu.info\/sv\/produktoverensstammelse\/aktorernas-roller-vad-ar-mitt-ansvar\/","title":{"rendered":"Akt\u00f6rernas roller \u2013 Vad \u00e4r mitt ansvar?"},"content":{"rendered":"<p>Innan en produkt hamnar p\u00e5 butikshyllan kan den ha genomg\u00e5tt en l\u00e5ng kedja av akt\u00f6rer. Dessa akt\u00f6rer betecknas p\u00e5 olika s\u00e4tt i lagstiftningen, och till exempel i energim\u00e4rkningsdirektivet n\u00e4mns bara tv\u00e5 roller: leverant\u00f6r och \u00e5terf\u00f6rs\u00e4ljare. I den harmoniserade EU-lagstiftningen indelas verksamhetsut\u00f6varna likv\u00e4l i fyra kategorier: tillverkare, tillverkarens representanter, import\u00f6rer och distribut\u00f6rer. Alla dessa har sin egen roll n\u00e4r det g\u00e4ller att s\u00e4kerst\u00e4lla produktens \u00f6verensst\u00e4mmelse med kraven. D\u00e4rf\u00f6r \u00e4r det viktigt f\u00f6r verksamhetsut\u00f6varen att identifiera sin egen roll i kedjan av akt\u00f6rer och k\u00e4nna till sina skyldigheter.<\/p>\n<h3>Tillverkare<\/h3>\n<p>Med tillverkare avses en fysisk eller juridisk person som tillverkar en produkt eller som l\u00e5ter konstruera eller tillverka en produkt och saluf\u00f6r den, i eget namn eller under eget varum\u00e4rke. Observera att en finl\u00e4ndsk import\u00f6r som k\u00f6per in produkter fr\u00e5n Fj\u00e4rran \u00f6stern och s\u00e4ljer dem h\u00e4r under ett annat varum\u00e4rke d\u00e4rmed kan p\u00e5f\u00f6ras tillverkarens skyldigheter och vara tvungen att uppr\u00e4tta en <a href=\"https:\/\/tukes.fi\/sv\/produkter-och-tjanster\/produkternas-overensstammelse-med-kraven\">EU-f\u00f6rs\u00e4kran om \u00f6verensst\u00e4mmelse<\/a>.<\/p>\n<h3>Tillverkarens representant<\/h3>\n<p>Med tillverkarens representant avses en fysisk eller juridisk person som \u00e4r etablerad inom EU-omr\u00e5det och som enligt skriftlig fullmakt fr\u00e5n tillverkaren har r\u00e4tt att p\u00e5 tillverkarens v\u00e4gnar utf\u00f6ra s\u00e4rskilda uppgifter.<\/p>\n<h3>Import\u00f6r<\/h3>\n<p>Med import\u00f6r avses en fysisk eller juridisk person som \u00e4r etablerad i EU-omr\u00e5det och sl\u00e4pper ut en produkt fr\u00e5n ett tredje land p\u00e5 EU:s marknad.<\/p>\n<p>Import\u00f6ren betraktas som tillverkare d\u00e5 denne sl\u00e4pper ut en produkt p\u00e5 marknaden under sitt eget namn eller varum\u00e4rke. Tillverkarens skyldigheter till\u00e4mpas dock inte p\u00e5 import\u00f6ren, om produktens ursprungliga tillverkare har uppr\u00e4ttat en <a href=\"https:\/\/tukes.fi\/sv\/produkter-och-tjanster\/produkternas-overensstammelse-med-kraven\">EU-f\u00f6rs\u00e4kran om \u00f6verensst\u00e4mmelse<\/a> och tillverkarens namn och adress uppges p\u00e5 produkten, produktens f\u00f6rpackning eller i ett dokument som \u00e5tf\u00f6ljer produkten. Import\u00f6ren betraktas ocks\u00e5 som tillverkare i det fall att denne \u00e4ndrar p\u00e5 en produkt som redan har sl\u00e4ppts ut p\u00e5 marknaden, p\u00e5 ett s\u00e4tt som kan inverka p\u00e5 hur de till\u00e4mpliga kraven uppfylls.<\/p>\n<h3>Leverant\u00f6r<\/h3>\n<p>Med leverant\u00f6r avses tillverkaren eller dennes auktoriserade representant inom unionen eller den import\u00f6r som sl\u00e4pper ut produkten eller tar denna i bruk p\u00e5 unionsmarknaden. Om det inte finns n\u00e5gon s\u00e5dan ska varje fysisk eller juridisk person som sl\u00e4pper ut produkter som omfattas av detta direktiv, eller tar dem i bruk, anses vara leverant\u00f6r.<\/p>\n<h3>Distribut\u00f6r<\/h3>\n<p>Med distribut\u00f6r avses en fysisk eller juridisk person, som tillhandah\u00e5ller en produkt p\u00e5 marknaden, allts\u00e5 introducerar p\u00e5 den nationella marknaden en produkt som \u00e4r tillverkad i EU-omr\u00e5det eller som tidigare sl\u00e4ppts ut p\u00e5 EU:s marknad. Som distribut\u00f6rer r\u00e4knas ocks\u00e5 detalj- och partihandlare f\u00f6r produkter samt k\u00f6pm\u00e4n som idkar aff\u00e4rsr\u00f6relse med begagnade varor, s\u00e5som \u00e5tervinningscentraler och loppmarknader.<\/p>\n<p>En distribut\u00f6r betraktas som tillverkare d\u00e5 denne sl\u00e4pper ut en produkt p\u00e5 marknaden i sitt eget namn eller varum\u00e4rke. Tillverkarens skyldigheter till\u00e4mpas dock inte p\u00e5 distribut\u00f6ren, om produktens ursprungliga tillverkare har uppr\u00e4ttat en <a href=\"https:\/\/tukes.fi\/sv\/produkter-och-tjanster\/produkternas-overensstammelse-med-kraven\">EU-f\u00f6rs\u00e4kran om \u00f6verensst\u00e4mmelse<\/a> och tillverkarens namn och adress uppges p\u00e5 produkten, produktens f\u00f6rpackning eller i ett dokument som \u00e5tf\u00f6ljer produkten. Distribut\u00f6ren betraktas ocks\u00e5 som tillverkare i det fall att denne \u00e4ndrar p\u00e5 en produkt som redan har sl\u00e4ppts ut p\u00e5 marknaden, p\u00e5 ett s\u00e4tt som kan inverka p\u00e5 hur de till\u00e4mpliga kraven uppfylls.<\/p>\n<h3>\u00c5terf\u00f6rs\u00e4ljare<\/h3>\n<p>Med \u00e5terf\u00f6rs\u00e4ljare avses detaljist eller annan person som s\u00e4ljer, hyr ut, erbjuder f\u00f6r avbetalning eller st\u00e4ller ut produkter som \u00e4r avsedda f\u00f6r slutanv\u00e4ndare. \u00c5terf\u00f6rs\u00e4ljare \u00e4r med andra ord synonymt med \u201ddistribut\u00f6r\u201d i EU-lagstiftningen.<\/p>\n<h3>Verksamhetsut\u00f6vare<\/h3>\n<p>Med verksamhetsut\u00f6vare avses en tillverkare, tillverkarens representant, import\u00f6r eller distribut\u00f6r.<\/p>\n<p>Produkternas marknadskontroll handhas av <a href=\"https:\/\/tukes.fi\/sv\/produkter-och-tjanster\/elektriska-produkter\">Tukes<\/a>. I egenskap av nationell marknads\u00f6vervakningsmyndighet riktar Tukes tillsynen p\u00e5 den verksamhetsut\u00f6vare som \u00e4r h\u00f6gst i distributionskedjan i Finland.<\/p>\n","protected":false},"excerpt":{"rendered":"<p>Innan en produkt hamnar p\u00e5 butikshyllan kan den ha genomg\u00e5tt en l\u00e5ng kedja av akt\u00f6rer. Dessa akt\u00f6rer betecknas p\u00e5 olika&#8230; <br \/><a class=\"moretag\" href=\"https:\/\/ekosuunnittelu.info\/sv\/produktoverensstammelse\/aktorernas-roller-vad-ar-mitt-ansvar\/\">Lue lis\u00e4\u00e4<\/a><\/p>\n","protected":false},"author":2,"featured_media":0,"parent":1637,"menu_order":2,"comment_status":"closed","ping_status":"closed","template":"","meta":{"_acf_changed":false,"footnotes":""},"class_list":["post-1646","page","type-page","status-publish","hentry"],"acf":[],"_links":{"self":[{"href":"https:\/\/ekosuunnittelu.info\/sv\/wp-json\/wp\/v2\/pages\/1646","targetHints":{"allow":["GET"]}}],"collection":[{"href":"https:\/\/ekosuunnittelu.info\/sv\/wp-json\/wp\/v2\/pages"}],"about":[{"href":"https:\/\/ekosuunnittelu.info\/sv\/wp-json\/wp\/v2\/types\/page"}],"author":[{"embeddable":true,"href":"https:\/\/ekosuunnittelu.info\/sv\/wp-json\/wp\/v2\/users\/2"}],"replies":[{"embeddable":true,"href":"https:\/\/ekosuunnittelu.info\/sv\/wp-json\/wp\/v2\/comments?post=1646"}],"version-history":[{"count":3,"href":"https:\/\/ekosuunnittelu.info\/sv\/wp-json\/wp\/v2\/pages\/1646\/revisions"}],"predecessor-version":[{"id":3548,"href":"https:\/\/ekosuunnittelu.info\/sv\/wp-json\/wp\/v2\/pages\/1646\/revisions\/3548"}],"up":[{"embeddable":true,"href":"https:\/\/ekosuunnittelu.info\/sv\/wp-json\/wp\/v2\/pages\/1637"}],"wp:attachment":[{"href":"https:\/\/ekosuunnittelu.info\/sv\/wp-json\/wp\/v2\/media?parent=1646"}],"curies":[{"name":"wp","href":"https:\/\/api.w.org\/{rel}","templated":true}]}}