{"id":1644,"date":"2016-09-06T15:03:45","date_gmt":"2016-09-06T12:03:45","guid":{"rendered":"http:\/\/ekosuunnittelu.info\/sv\/?page_id=1644"},"modified":"2016-09-07T11:25:06","modified_gmt":"2016-09-07T08:25:06","slug":"utslappande-pa-marknaden-och-ibruktagande","status":"publish","type":"page","link":"https:\/\/ekosuunnittelu.info\/sv\/produktoverensstammelse\/utslappande-pa-marknaden-och-ibruktagande\/","title":{"rendered":"Utsl\u00e4ppande p\u00e5 marknaden och ibruktagande"},"content":{"rendered":"<p>N\u00e4r produkten har sl\u00e4ppts ut p\u00e5 marknaden, \u00e4r en avg\u00f6rande uppgift med tanke p\u00e5 vilka krav som g\u00e4ller den.<\/p>\n<p>En produkt <strong>sl\u00e4pps ut p\u00e5 marknaden<\/strong> n\u00e4r den f\u00f6r <strong>f\u00f6rsta g\u00e5ngen<\/strong> tillhandah\u00e5lls p\u00e5 unionsmarknaden. Med tillhandah\u00e5llande p\u00e5 marknaden menas att produkten levereras f\u00f6r distribution, f\u00f6rbrukning eller anv\u00e4ndning p\u00e5 unionsmarknaden i samband med kommersiell verksamhet, mot betalning eller kostnadsfritt. Detta kan g\u00f6ras endast av tillverkare eller import\u00f6r, vilka med andra ord \u00e4r de enda ekonomiska akt\u00f6rer som f\u00e5r sl\u00e4ppa ut produkter p\u00e5 marknaden.<\/p>\n<p>T\u00e4nk p\u00e5 att uttrycket \u201dsl\u00e4ppa ut p\u00e5 marknaden\u201d \u00e5syftar en enskild produkt och inte en typ av produkt, oberoende om produkten har tillverkats som ett enskilt exemplar eller som serieproduktion.\u00a0 Att s\u00e4lja en produkt p\u00e5 till exempel en loppmarknad eller sl\u00e4ppa ut den p\u00e5 nytt p\u00e5 unionsmarknaden omfattas d\u00e4remot inte av definitionen.<\/p>\n<p>Ikrafttr\u00e4dande av de krav som fastst\u00e4lls i ekodesign- och energim\u00e4rkningsf\u00f6rordningarna inneb\u00e4r med andra ord att kraven g\u00e4ller endast de produkter som sl\u00e4ppts ut p\u00e5 marknaden efter att kraven tr\u00e4tt i kraft och inte retroaktivt f\u00f6r produkter som redan finns p\u00e5 unionsmarknaden. Det \u00e4r allts\u00e5 till\u00e5tet att fritt s\u00e4lja vidare p\u00e5 unionsmarknaden produkter som finns i butikerna och i lager.<\/p>\n<p><strong>Ibruktagande<\/strong> avser f\u00f6rsta g\u00e5ngen en produkt anv\u00e4nds i avsett syfte inom EU. I lagstiftningen likst\u00e4lls ibruktagande med utsl\u00e4ppande p\u00e5 marknaden och med det avses en situation d\u00e4r en fysisk produkt aldrig sl\u00e4pps p\u00e5 marknaden utan den monteras och tas i bruk hos slutanv\u00e4ndaren direkt. \u00c4ven dessa produkter ska \u00f6verensst\u00e4mma med kraven, men d\u00e5 \u00e4r utsl\u00e4ppande p\u00e5 marknaden inte relevant utan endast datum f\u00f6r ibruktagande.<\/p>\n","protected":false},"excerpt":{"rendered":"<p>N\u00e4r produkten har sl\u00e4ppts ut p\u00e5 marknaden, \u00e4r en avg\u00f6rande uppgift med tanke p\u00e5 vilka krav som g\u00e4ller den. En&#8230; <br \/><a class=\"moretag\" href=\"https:\/\/ekosuunnittelu.info\/sv\/produktoverensstammelse\/utslappande-pa-marknaden-och-ibruktagande\/\">Lue lis\u00e4\u00e4<\/a><\/p>\n","protected":false},"author":2,"featured_media":0,"parent":1637,"menu_order":1,"comment_status":"closed","ping_status":"closed","template":"","meta":{"_acf_changed":false,"footnotes":""},"class_list":["post-1644","page","type-page","status-publish","hentry"],"acf":[],"_links":{"self":[{"href":"https:\/\/ekosuunnittelu.info\/sv\/wp-json\/wp\/v2\/pages\/1644","targetHints":{"allow":["GET"]}}],"collection":[{"href":"https:\/\/ekosuunnittelu.info\/sv\/wp-json\/wp\/v2\/pages"}],"about":[{"href":"https:\/\/ekosuunnittelu.info\/sv\/wp-json\/wp\/v2\/types\/page"}],"author":[{"embeddable":true,"href":"https:\/\/ekosuunnittelu.info\/sv\/wp-json\/wp\/v2\/users\/2"}],"replies":[{"embeddable":true,"href":"https:\/\/ekosuunnittelu.info\/sv\/wp-json\/wp\/v2\/comments?post=1644"}],"version-history":[{"count":1,"href":"https:\/\/ekosuunnittelu.info\/sv\/wp-json\/wp\/v2\/pages\/1644\/revisions"}],"predecessor-version":[{"id":1645,"href":"https:\/\/ekosuunnittelu.info\/sv\/wp-json\/wp\/v2\/pages\/1644\/revisions\/1645"}],"up":[{"embeddable":true,"href":"https:\/\/ekosuunnittelu.info\/sv\/wp-json\/wp\/v2\/pages\/1637"}],"wp:attachment":[{"href":"https:\/\/ekosuunnittelu.info\/sv\/wp-json\/wp\/v2\/media?parent=1644"}],"curies":[{"name":"wp","href":"https:\/\/api.w.org\/{rel}","templated":true}]}}