{"id":1637,"date":"2016-09-06T15:01:23","date_gmt":"2016-09-06T12:01:23","guid":{"rendered":"http:\/\/ekosuunnittelu.info\/sv\/?page_id=1637"},"modified":"2019-10-16T10:58:02","modified_gmt":"2019-10-16T07:58:02","slug":"produktoverensstammelse","status":"publish","type":"page","link":"https:\/\/ekosuunnittelu.info\/sv\/produktoverensstammelse\/","title":{"rendered":"Produkt\u00f6verensst\u00e4mmelse"},"content":{"rendered":"<p>Produkt\u00f6verensst\u00e4mmelse och verifiering av den omfattar flera olika delomr\u00e5den. F\u00f6rutom att produkten ska uppfylla de tekniska krav som st\u00e4llts p\u00e5 den genom lagstiftningen, finns det ocks\u00e5 m\u00e5nga olika krav p\u00e5 m\u00e4rkning, information och dokumentation.<\/p>\n<p>I de produktspecifika krav som behandlas p\u00e5 denna webbplats beskrivs kraven p\u00e5 just de aktuella produkterna enligt ekodesign- och energim\u00e4rkningsdirektiven. T\u00e4nk \u00e4nd\u00e5 p\u00e5 att vissa krav f\u00f6ljer direkt av ekodesigndirektivet, speciellt g\u00e4ller det CE-m\u00e4rkning och EU-f\u00f6rs\u00e4kran om \u00f6verensst\u00e4mmelse.<\/p>\n<p><strong>De fem viktigaste stegen f\u00f6r att p\u00e5visa \u00f6verensst\u00e4mmelse \u00e4r f\u00f6ljande<\/strong>:<\/p>\n<ol>\n<li>Identifiera de direktiv, f\u00f6rordningar och harmoniserade standarder som g\u00e4ller produkten<\/li>\n<li>Kontrollera de krav som \u00e4r specifika f\u00f6r produkten<\/li>\n<li>Testa produkten och\/eller kontrollera om den \u00f6verensst\u00e4mmer med kraven<\/li>\n<li>Uppr\u00e4tta n\u00f6dv\u00e4ndig teknisk dokumentation och h\u00e5ll den tillg\u00e4nglig<\/li>\n<li>F\u00e4st CE-m\u00e4rkning p\u00e5 produkten och g\u00f6r EU-f\u00f6rs\u00e4kran om \u00f6verensst\u00e4mmelse<\/li>\n<\/ol>\n<p>Kraven p\u00e5 ekodesign och energim\u00e4rkning g\u00e4ller f\u00f6r n\u00e4rvaran fr\u00e4mst elapparater. Mer information om produkt\u00f6verensst\u00e4mmelse finns i Tukes guide <a href=\"https:\/\/tukes.fi\/documents\/5470659\/6410605\/Tillverkning%2C+import+och+f%C3%B6rs%C3%A4ljning+av+elektriska+produkter\/c612ecca-7f9a-42fd-8b4a-521c36c83327\/Tillverkning%2C+import+och+f%C3%B6rs%C3%A4ljning+av+elektriska+produkter.pdf\">Tillverkning, import och f\u00f6rs\u00e4ljning av elektriska produkter<\/a>\u00a0och p\u00e5 <a href=\"https:\/\/tukes.fi\/sv\/produkter-och-tjanster\/elektriska-produkter\">Tukes webbplats<\/a>.<\/p>\n<p>Instruktioner f\u00f6r iakttagande av milj\u00f6kraven finns ocks\u00e5 i <a href=\"http:\/\/teknologiateollisuus.fi\/sites\/default\/files\/file_attachments\/web_tuotteet_ymparistovaatimusten_2015.pdf\">Teknologiindustrins guide<\/a> (p\u00e5 finska).<\/p>\n","protected":false},"excerpt":{"rendered":"<p>Produkt\u00f6verensst\u00e4mmelse och verifiering av den omfattar flera olika delomr\u00e5den. F\u00f6rutom att produkten ska uppfylla de tekniska krav som st\u00e4llts p\u00e5&#8230; <br \/><a class=\"moretag\" href=\"https:\/\/ekosuunnittelu.info\/sv\/produktoverensstammelse\/\">Lue lis\u00e4\u00e4<\/a><\/p>\n","protected":false},"author":2,"featured_media":0,"parent":0,"menu_order":0,"comment_status":"open","ping_status":"open","template":"","meta":{"_acf_changed":false,"footnotes":""},"class_list":["post-1637","page","type-page","status-publish","hentry"],"acf":[],"_links":{"self":[{"href":"https:\/\/ekosuunnittelu.info\/sv\/wp-json\/wp\/v2\/pages\/1637","targetHints":{"allow":["GET"]}}],"collection":[{"href":"https:\/\/ekosuunnittelu.info\/sv\/wp-json\/wp\/v2\/pages"}],"about":[{"href":"https:\/\/ekosuunnittelu.info\/sv\/wp-json\/wp\/v2\/types\/page"}],"author":[{"embeddable":true,"href":"https:\/\/ekosuunnittelu.info\/sv\/wp-json\/wp\/v2\/users\/2"}],"replies":[{"embeddable":true,"href":"https:\/\/ekosuunnittelu.info\/sv\/wp-json\/wp\/v2\/comments?post=1637"}],"version-history":[{"count":3,"href":"https:\/\/ekosuunnittelu.info\/sv\/wp-json\/wp\/v2\/pages\/1637\/revisions"}],"predecessor-version":[{"id":3546,"href":"https:\/\/ekosuunnittelu.info\/sv\/wp-json\/wp\/v2\/pages\/1637\/revisions\/3546"}],"wp:attachment":[{"href":"https:\/\/ekosuunnittelu.info\/sv\/wp-json\/wp\/v2\/media?parent=1637"}],"curies":[{"name":"wp","href":"https:\/\/api.w.org\/{rel}","templated":true}]}}